{"id":7007,"date":"2023-03-04T16:19:33","date_gmt":"2023-03-04T21:19:33","guid":{"rendered":"https:\/\/koreanfilmfestivalcanada.ca\/?page_id=7007"},"modified":"2023-07-07T14:42:15","modified_gmt":"2023-07-07T18:42:15","slug":"alumni","status":"publish","type":"page","link":"https:\/\/koreanfilmfestivalcanada.ca\/ko\/about-us\/the-team\/alumni\/","title":{"rendered":"\ub3d9\ubb38"},"content":{"rendered":"<section class=\"wpb-content-wrapper\"><p>[vc_row][vc_column][vc_column_text]<\/p>\n<h2>\uc81c9\ud68c \ucc38\uc5ec\ud574\uc8fc\uc2e0 \uc5ec\ub7ec\ubd84\uaed8 \uac10\uc0ac\ub4dc\ub9bd\ub2c8\ub2e4!<\/h2>\n<h2><strong>(until May 2022)<\/strong><\/h2>\n<p><span style=\"font-size: 14pt;\">Zoe Sarkar,\u00a0 \uc601\ud654\uc81c \ucf54\ub514\ub124\uc774\ud130 \ubc0f \uc18c\uc15c \ubbf8\ub514\uc5b4 \ub9e4\ub2c8\uc800<\/span><\/p>\n<p><span style=\"font-size: 14pt;\">\uc774\uc608\ub9b0, \ucf54\ub514\ub124\uc774\ud130 \uc5b4\uc2dc\uc2a4\ud2b8<\/span><\/p>\n<p><span style=\"font-size: 14pt;\">Vincent Toi, \uc601\ud654 \ubd80\ubb38 \uc704\ucd09 \ud504\ub85c\uadf8\ub798\uba38, <i>Carte Blanche<\/i>\u00a0<\/span><\/p>\n<p><span style=\"font-size: 14pt;\">Mathilde Elie, \ud544\ub984 \ucf54\ub514\ub124\uc774\ud130(\uc778\ud134)<\/span><\/p>\n<p><span style=\"font-size: 14pt;\">\uc1a1\uac00\uc5f0, \ud544\ub984 \ucf54\ub514\ub124\uc774\ud130(\uc778\ud134)<\/span><\/p>\n<p><span style=\"font-size: 14pt;\">Ana Lucia Londono Flores, \uc5b8\ub860 \ubbf8\ub514\uc5b4 \ucf54\ub514\ub124\uc774\ud130<\/span><\/p>\n<p><span style=\"font-size: 14pt;\">Fanny Lord-Bourcier, \uadf8\ub798\ud53d \ub514\uc790\uc774\ub108 \ubc0f \uae30\uc220 \ub9e4\ub2c8\uc800<\/span><\/p>\n<p><span style=\"font-size: 14pt;\">Kenza Chatar, \uc601\uc0c1 \ubc0f \ud2b8\ub810\uc77c\ub7ec \ucf54\ub514\ub124\uc774\ud130\u00a0<\/span><\/p>\n<p><span style=\"font-size: 14pt;\">\uc7a5\uc131\uc6b0, \uc18c\uc15c \ubbf8\ub514\uc5b4 \ub9e4\ub2c8\uc800 \uc5b4\uc2dc\uc2a4\ud2b8 \ubc0f \uc720\ud29c\ube0c \ub9e4\ub2c8\uc800<\/span><\/p>\n<p><span style=\"font-size: 14pt;\">Jingjing Li, \ud68c\uacc4\uc0ac<\/span><\/p>\n<p><span style=\"font-size: 14pt;\">Anuj Khosla, \ud68c\uacc4 \ubc0f \ubc95\ub960 \ubb38\uc81c \ucee8\uc124\ud134\ud2b8<\/span><\/p>\n<p><span style=\"font-size: 14pt;\">\uc784\uc900\uc120, \ub85c\ub4dc \ub9e4\ub2c8\uc800<\/span><\/p>\n<p><span style=\"font-size: 14pt;\">\uc774\uc0c1\ubbfc and John Kim,\u00a0 \uc6f9\uc0ac\uc774\ud2b8 \ud504\ub85c\uadf8\ub798\uba38<\/span><\/p>\n<p><span style=\"font-size: 14pt;\">Charlotte Dion-Dufourd, \uc6f9\uc0ac\uc774\ud2b8 \uadf8\ub798\ud53d \ub514\uc790\uc774\ub108<\/span><\/p>\n<p><span style=\"font-size: 14pt;\">Christina Lee, \uc0ac\ud68c\uc790<\/span><\/p>\n<p>&nbsp;<\/p>\n<p><span style=\"font-size: 14pt;\"><strong>With Contribution From:<\/strong>\u00a0<\/span><\/p>\n<p><span style=\"font-size: 14pt;\">Vincent Toi,\u00a0 <i>Carte Blanche<\/i>\uc758 \ud2b9\ubcc4 \ucd08\uccad \ud504\ub85c\uadf8\ub798\uba38<\/span><\/p>\n<p><span style=\"font-size: 14pt;\">\uc774\uc0c1\ubbfc, \uc6f9 \ud504\ub85c\uadf8\ub798\uba38 \ubc0f \uae30\uc220 \uac1c\ubc1c \ucee8\uc124\ud134\ud2b8<\/span><\/p>\n<p><span style=\"font-size: 14pt;\">John Kim, \uae30\uc220 \uac1c\ubc1c \ucee8\uc124\ud134\ud2b8<\/span><\/p>\n<p><span style=\"font-size: 14pt;\">June Park, \uac1c\ubc1c \uc804\ub7b5\uac00 \ubc0f \uace0\ubb38<\/span><\/p>\n<p><span style=\"font-size: 14pt;\">Carolyne Van Der Meer, \ucee4\ubba4\ub2c8\ucf00\uc774\uc158 \ucee8\uc124\ud134\ud2b8<\/span><\/p>\n<p><span style=\"font-size: 14pt;\">Anuj Khosla, \ud68c\uacc4 \ubc0f \ubc95\ub960 \ubb38\uc81c \ucee8\uc124\ud134\ud2b8<\/span><\/p>\n<p><span style=\"font-size: 14pt;\">\ucd5c\uc6b0\uacbd, \ub124\uc774\ubc84 \ube14\ub85c\uadf8 \ucee8\uc124\ud134\ud2b8<\/span><\/p>\n<p>&nbsp;<\/p>\n<p><span style=\"font-size: 14pt;\"><strong>\uc790\ubb38\uc704\uc6d0\ud68c 2020-2022<\/strong><\/span><\/p>\n<p><span style=\"font-size: 14pt;\"><strong>Laurence Monnais<\/strong>, \uce90\ub098\ub2e4 \ubaac\ud2b8\ub9ac\uc62c \ub300\ud559\uad50 \uad50\uc218 \uacb8 CETASE \ub514\ub809\ud130<\/span><\/p>\n<p><span style=\"font-size: 14pt;\"><strong>\ub2ec\uc6a9\uc9c4<\/strong>, \uce90\ub098\ub2e4 Simon Fraser \ub300\ud559\uad50 \uad50\uc218<\/span><\/p>\n<p><span style=\"font-size: 14pt;\"><strong>\uc815\uc601\uc12d<\/strong>, \uce90\ub098\ub2e4 \ubaac\ud2b8\ub9ac\uc62c \ub300\ud559\uad50 \uba85\uc608\uad50\uc218<\/span><\/p>\n<p><span style=\"font-size: 14pt;\"><strong>Jacques Desbiens<\/strong>, \uce90\ub098\ub2e4 \uc608\uc220\ud559 \ud559\uc790 \uacb8 \uc608\uc220\uac00<\/span><\/p>\n<p><span style=\"font-size: 14pt;\"><strong>\uc815\ucc2c\ucca0,<\/strong> \ud55c\uad6d\uc678\uad6d\uc5b4\ub300\ud559\uad50 \uad50\uc218<\/span><\/p>\n<p><span style=\"font-size: 14pt;\"><strong>\uae40\uc18c\uc601<\/strong>, \ud559\uad6d\uc608\uc220\uc885\ud569\ud559\uad50 \uad50\uc218<\/span><\/p>\n<p><span style=\"font-size: 14pt;\"><strong>\uc774\uc900\ub3d9,<\/strong> \ud55c\uad6d \uc804\uc8fc\uad6d\uc81c\uc601\ud654\uc81c \ucc45\uc784\uc790 \ubc0f \ub098\uc6b0\ud544\ub984 \ud504\ub85c\ub4c0\uc11c<\/span><\/p>\n<p><span style=\"font-size: 14pt;\"><strong>\ub178\uad11\uc6b0<\/strong>, \ud55c\uad6d \uace0\ub824\ub300\ud559\uad50 \ubbf8\ub514\uc5b4\ud559\uacfc \uad50\uc218<\/span><\/p>\n<p><span style=\"font-size: 14pt;\"><strong>\ucd5c\uc9c4\ud76c,<\/strong> \ub7f0\ub358 King&#8217;s College \uad50\uc218<\/span><\/p>\n<p><span style=\"font-size: 14pt;\"><strong>Adeena Mey<\/strong>, \ub7f0\ub358 \uc608\uc220 \ub300\ud559\uad50 \uc13c\ud2b8\ub7f4 \uc0dd \ub9c8\ub9b0<\/span><\/p>\n<p><span style=\"font-size: 14pt;\">\u00a0<strong>Frances Gateward,<\/strong> Howard University \ucee4\ubba4\ub2c8\ucf00\uc774\uc158, \ubb38\ud654, \ubbf8\ub514\uc5b4\ud559 \ud559\uacfc\uc7a5<\/span><\/p>\n<p><span style=\"font-size: 14pt;\"><strong>Trevor Mowchun,\u00a0<\/strong>\ubbf8\uad6d \ud50c\ub85c\ub9ac\ub2e4 \ub300\ud559\uad50 \uad50\uc218 \uacb8 \uc601\ud654 \uac10\ub3c5<\/span><\/p>\n<p><span style=\"font-size: 14pt;\"><strong>Khosro Berahmandi<\/strong>, \uce90\ub098\ub2e4 Acces Asie \uc608\uc220 \ubc0f \uac1c\ubc1c \ub514\ub809\ud130<\/span><\/p>\n<p>&nbsp;<\/p>\n<p><span style=\"font-size: 14pt;\"><strong>PEER Board 2020-2022<\/strong><\/span><\/p>\n<p><span style=\"font-size: 14pt;\"><strong>Jeonghyun Hong,<\/strong> \ubaac\ud2b8\ub9ac\uc62c \ub300\ud559\uad50 \uac15\uc0ac<\/span><\/p>\n<p><span style=\"font-size: 14pt;\"><strong>Hyelim Juliana Kim<\/strong>, PUAC \uace0\ubb38\/Mitacs \ube44\uc988\ub2c8\uc2a4 \uac1c\ubc1c \ub2f4\ub2f9 \uc774\uc0ac<\/span><\/p>\n<p><span style=\"font-size: 14pt;\"><strong>Nam Soo Kwon<\/strong>, \ubaac\ud2b8\ub9ac\uc62c \ub300\ud559\uad50 \uac15\uc0ac<\/span><\/p>\n<p><span style=\"font-size: 14pt;\"><strong>Mi-Jeong Lee<\/strong>, \uc608\uc220\uac00 \ubc0f KFFC \ucd1d\uac10\ub3c5<\/span><\/p>\n<p><span style=\"font-size: 14pt;\"><strong>Zoe Sarkar<\/strong>, \uc791\uac00<\/span><\/p>\n<p>&nbsp;<\/p>\n<p><span style=\"font-size: 14pt;\"><strong>\ubc88\uc5ed \ubc0f \ucca8\uc0ad<\/strong><strong>:\u00a0<\/strong><\/span><\/p>\n<p><span style=\"font-size: 14pt;\">Mathilde Elie, Seongwoo Jang, Lucia Londono Flores, Fanny Lord-Bourcier, Mi-Jeong Lee, Yerin Lee, Zoe Sarkar, Gayeon Song, Jacques Desbiens.<\/span><\/p>\n<p>&nbsp;<\/p>\n<p><span style=\"font-size: 14pt;\"><strong>\ucee8\uc124\ud134\ud2b8:<\/strong><\/span><\/p>\n<p><span style=\"font-size: 14pt;\">\uc774\uc0c1\ubbfc, \uc6f9\uc0ac\uc774\ud2b8 \ud504\ub85c\uadf8\ub798\uba38<\/span><\/p>\n<p><span style=\"font-size: 14pt;\">Elyeser R., \uc6f9\uc0ac\uc774\ud2b8 \ucee8\uc124\ud134\ud2b8<\/span><\/p>\n<p><span style=\"font-size: 14pt;\">June Park, \ucee8\uc124\ud134\ud2b8, \uac1c\ubc1c \uc804\ub7b5\uac00 \ubc0f \uace0\ubb38 <\/span><\/p>\n<p><span style=\"font-size: 14pt;\">Carolyne Van Der Meer, \ucee4\ubba4\ub2c8\ucf00\uc774\uc158 \ucee8\uc124\ud134\ud2b8<\/span><\/p>\n<p>&nbsp;<\/p>\n<p><span style=\"font-size: 14pt;\"><strong>\uba58\ud1a0:\u00a0<\/strong><\/span><\/p>\n<p><span style=\"font-size: 14pt;\">Marie Boti \uc778\uad8c \uba58\ud1a0<\/span><\/p>\n<p><span style=\"font-size: 14pt;\">Elyeser R. \uae30\uc220 \uac1c\ubc1c \uba58\ud1a0<\/span><\/p>\n<p><span style=\"font-size: 14pt;\">Nick Maturo, \uc870\uc9c1 \uc790\uc6d0 \uba58\ud1a0\u00a0<\/span><\/p>\n<p><span style=\"font-size: 14pt;\">Iris Sautier, \ud504\ub9b0\ud305 \uc544\ud2b8 \uba58\ud1a0<\/span><\/p>\n<p>&nbsp;<\/p>\n<p><span style=\"font-size: 14pt;\"><strong>\uc800\ud76c \ud30c\ud2b8\ub108\uc640 \uc2a4\ud3f0\uc11c, \uadf8\ub9ac\uace0 \uc601\ud654\uc81c\uc5d0 \ub3c4\uc6c0\uc744 \uc8fc\uc2e0 \ubd84\ub4e4\uc5d0\uac8c \uac10\uc0ac\ub4dc\ub9bd\ub2c8\ub2e4:<\/strong><\/span><\/p>\n<p><span style=\"font-size: 14pt;\">\uce90\ub098\ub2e4\uc608\uc220\uc704\uc6d0\ud68c, \ud55c\uad6d\uc601\uc0c1\uc790\ub8cc\uc6d0 (KOFA), \uc804\uc8fc\uad6d\uc81c\uc601\ud654\uc81c (JIFF), \ub9e5\ucf54\ub4dc \ubba4\uc9c0\uc5c4, \uc2dc\ub124\ub9c8 \ub4a4 \ud30c\ud06c, Casa d\u2019Italia, \ubaac\ud2b8\ub9ac\uc62c \ub300\ud559\uad50 \uc544\uc2dc\uc544\ud559\uacfc (CETASE), \ud018\ubca1\ud55c\ubbfc\uc871\uc7ac\ub2e8(FCCCQ), Multi-Monde, \ucfe8\ud22c\ub77c(CULTURA), Festival Acces Asie, Reel Asian International Film Festival in Toronto, McGill Koreans&#8217; Educational &amp; Cultural Association (MECA), Concordia Canadian Asian Society (CCAS), \ucf54\ub9ac\uc548 \ub274\uc2a4\uc704\ud06c, \ud55c\uce74 \ud0c0\uc784\uc988, M-LINE Distribution, \uc778\ub514\uc2a4\ud1a0\ub9ac, Central Park Films, \ud55c\uad6d\ub3c5\ub9bd\uc560\ub2c8\uba54\uc774\uc158\ud611\ud68c (KIAFA), Group Intervention Video (GIV), \uc544\uc2dc\uc544 \uc544\ud2b8 \ucd9c\ud310 \uc5f0\uad6c\uc18c (AAPLab).\u00a0\u00a0\u00a0<\/span><\/p>\n<p>&nbsp;<\/p>\n<p><span style=\"font-size: 14pt;\"><strong>Special thanks to:\u00a0<\/strong><\/span><\/p>\n<p><span style=\"font-size: 14pt;\">Bernard Bernier, KIM Youngmi,\u00a0Masoud Raouf,\u00a0Cheong-Hoon Kim, Iris Sautier, Sal Eigh, kimura byol lemoine, Jungsoon SON, Sosun Suh, Paul Park<\/span><\/p>\n<p><span style=\"font-size: 14pt;\"><strong>\uc790\uc6d0\ubd09\uc0ac\uc790:<\/strong><\/span><\/p>\n<p><span style=\"font-size: 14pt;\">Marie Blouin, Juliette Klein, \uc784\uc900\uc120, Paul Park.<\/span><\/p>\n<p><span style=\"font-size: 14pt;\"><strong>\uc774\uc804 KFFC \uc2a4\ud15d\ub4e4:\u00a0<\/strong><\/span><\/p>\n<p><span style=\"font-size: 14pt;\">Asmaa Asry,\u00a0Laura Baek, Marie Blouin\/ Gong Li,\u00a0\uc870\ud61c\uc724,\u00a0\ucd5c\uc6b0\uacbd,\u00a0\u00a0\uc870\uc218\uc5f0, Andr\u00e9-Anne C\u00f4t\u00e9,\u00a0Kathleen Foran, Anne Kim, Florent Lariv\u00e9e, Christina Lee, Nicholas Linh, Val\u00e9rie Paquet, Arwa Shokair, Antoine Quach.\u00a0\u00a0<\/span><\/p>\n<p><span style=\"font-size: 14pt;\"><strong>\uc804 \uc774\uc0ac\ud68c \uc704\uc6d0:\u00a0<\/strong><\/span><\/p>\n<p><span style=\"font-size: 14pt;\">Wonchul Kim, Young Chang<\/span><\/p>\n<p><span style=\"font-size: 14pt;\"><strong>\uc544\uc2dc\uc544 \uc544\ud2b8 \ucd9c\ud310 \uc5f0\uad6c\uc18c(AAPLab):<\/strong><\/span><\/p>\n<p><span style=\"font-size: 14pt;\">Mi-Jeong Lee, Bernard Bernier, Shin Dong KIM, Jung Bong CHOI\u00a0<\/span>[\/vc_column_text][\/vc_column][\/vc_row]<\/p>\n<\/section>","protected":false},"excerpt":{"rendered":"<p>[vc_row][vc_column][vc_column_text] \uc81c9\ud68c \ucc38\uc5ec\ud574\uc8fc\uc2e0 \uc5ec\ub7ec\ubd84\uaed8 \uac10\uc0ac\ub4dc\ub9bd\ub2c8\ub2e4! (until May 2022) Zoe Sarkar,\u00a0 \uc601\ud654\uc81c \ucf54\ub514\ub124\uc774\ud130 \ubc0f \uc18c\uc15c \ubbf8\ub514\uc5b4 \ub9e4\ub2c8\uc800 \uc774\uc608\ub9b0, \ucf54\ub514\ub124\uc774\ud130 \uc5b4\uc2dc\uc2a4\ud2b8 Vincent Toi, \uc601\ud654 \ubd80\ubb38 \uc704\ucd09 \ud504\ub85c\uadf8\ub798\uba38,&#8230;<\/p>\n","protected":false},"author":2,"featured_media":0,"parent":6989,"menu_order":0,"comment_status":"closed","ping_status":"closed","template":"","meta":{"_coblocks_attr":"","_coblocks_dimensions":"","_coblocks_responsive_height":"","_coblocks_accordion_ie_support":"","footnotes":""},"class_list":["post-7007","page","type-page","status-publish","hentry"],"acf":[],"_links":{"self":[{"href":"https:\/\/koreanfilmfestivalcanada.ca\/ko\/wp-json\/wp\/v2\/pages\/7007","targetHints":{"allow":["GET"]}}],"collection":[{"href":"https:\/\/koreanfilmfestivalcanada.ca\/ko\/wp-json\/wp\/v2\/pages"}],"about":[{"href":"https:\/\/koreanfilmfestivalcanada.ca\/ko\/wp-json\/wp\/v2\/types\/page"}],"author":[{"embeddable":true,"href":"https:\/\/koreanfilmfestivalcanada.ca\/ko\/wp-json\/wp\/v2\/users\/2"}],"replies":[{"embeddable":true,"href":"https:\/\/koreanfilmfestivalcanada.ca\/ko\/wp-json\/wp\/v2\/comments?post=7007"}],"version-history":[{"count":5,"href":"https:\/\/koreanfilmfestivalcanada.ca\/ko\/wp-json\/wp\/v2\/pages\/7007\/revisions"}],"predecessor-version":[{"id":11494,"href":"https:\/\/koreanfilmfestivalcanada.ca\/ko\/wp-json\/wp\/v2\/pages\/7007\/revisions\/11494"}],"up":[{"embeddable":true,"href":"https:\/\/koreanfilmfestivalcanada.ca\/ko\/wp-json\/wp\/v2\/pages\/6989"}],"wp:attachment":[{"href":"https:\/\/koreanfilmfestivalcanada.ca\/ko\/wp-json\/wp\/v2\/media?parent=7007"}],"curies":[{"name":"wp","href":"https:\/\/api.w.org\/{rel}","templated":true}]}}