{"id":12163,"date":"2023-07-13T15:39:26","date_gmt":"2023-07-13T19:39:26","guid":{"rendered":"https:\/\/koreanfilmfestivalcanada.ca\/?page_id=12163"},"modified":"2023-07-17T13:22:01","modified_gmt":"2023-07-17T17:22:01","slug":"history-2","status":"publish","type":"page","link":"https:\/\/koreanfilmfestivalcanada.ca\/ko\/about-us\/kffc-kr\/history-2\/","title":{"rendered":"\uc5ed\uc0ac"},"content":{"rendered":"<section class=\"wpb-content-wrapper\"><p>[vc_row full_width=&#8221;stretch_row&#8221; css=&#8221;.vc_custom_1682285569725{padding-top: 25% !important;padding-bottom: 25% !important;background-image: url(https:\/\/koreanfilmfestivalcanada.ca\/wp-content\/uploads\/2023\/04\/Crowd-above-2-scaled.jpg?id=6215) !important;background-position: center !important;background-repeat: no-repeat !important;background-size: cover !important;}&#8221;][vc_column][vc_row_inner css=&#8221;.vc_custom_1533605090329{padding-top: 2% !important;}&#8221;][vc_column_inner][vc_custom_heading text=&#8221;since 1996&#8243; font_container=&#8221;tag:h2|text_align:center&#8221; use_theme_fonts=&#8221;yes&#8221; heading_style=&#8221;heading_style_6&#8243; pre_heading=&#8221;Where&#8221; hightlight_heading=&#8221;East Meets West&#8221; css=&#8221;.vc_custom_1682286038391{background-color: #e0cd53 !important;border-radius: 2px !important;}&#8221;][\/vc_column_inner][\/vc_row_inner][\/vc_column][\/vc_row][vc_row css=&#8221;.vc_custom_1533605310250{padding-top: 6% !important;padding-bottom: 8% !important;}&#8221;][vc_column][vc_row_inner css=&#8221;.vc_custom_1533605322115{padding-bottom: 5% !important;}&#8221;][vc_column_inner][vc_custom_heading text=&#8221;About Us&#8221; font_container=&#8221;tag:h2|text_align:center&#8221; use_theme_fonts=&#8221;yes&#8221; heading_style=&#8221;heading_style_1&#8243;][vc_custom_heading text=&#8221;Arts East-West&#8221; font_container=&#8221;tag:h2|text_align:center&#8221; use_theme_fonts=&#8221;yes&#8221; heading_style=&#8221;heading_style_6&#8243;][\/vc_column_inner][\/vc_row_inner][vc_row_inner][vc_column_inner width=&#8221;1\/6&#8243;][\/vc_column_inner][vc_column_inner width=&#8221;2\/3&#8243;][vc_column_text el_class=&#8221;secondary-font heading-color&#8221;]\uc6b0\ub9ac\ub294 \uc608\uc220\uac00 \uc911\uc2ec\uc758 \uc2e4\ucc9c \uae30\ubc18 \uc5f0\uad6c \ubc0f \ucc3d\uc791 \ub2e8\uccb4\ub85c, \uacbd\uacc4\ub97c \uc81c\ud55c\ud558\uc9c0 \uc54a\uace0 \uc9c0\uc5ed \uc608\uc220\uac00 \ubc0f \ucee4\ubba4\ub2c8\ud2f0\uc640 \uae34\ubc00\ud55c \uc720\ub300 \uad00\uacc4\ub97c \ud615\uc131\ud569\ub2c8\ub2e4. \uc601\ud654\uc81c, \uc138\ubbf8\ub098, \uc6cc\ud06c\uc20d, \uc544\ud2f0\uc2a4\ud2b8 \ub300\ub2f4, \ucd9c\ud310\ubb3c\uc744 \ud1b5\ud574 \ub3d9-\uc11c\uc591\uc744 \uc5f0\uacb0\ud558\uc5ec \ubb38\ud654\uc801 \ub2e4\uc591\uc131\uacfc \uc544\uc2dc\uc544\uacc4 \uce90\ub098\ub2e4\uc778 \uc608\uc220\uac00 \ubc0f \ucee4\ubba4\ub2c8\ud2f0\ub97c \uac15\ud654\ud569\ub2c8\ub2e4. \ub3d9-\uc11c\uc591 \uc608\uc220\uc7ac\ub2e8\uc740 \uce90\ub098\ub2e4, \ud55c\uad6d, \ubc94\uc544\uc2dc\uc544\uc758 \uc544\uc2dc\uc544 \ubb38\ud654\uc720\uc0b0\uacfc \uc544\uc2dc\uc544 \ub514\uc544\uc2a4\ud3ec\ub77c \uc608\uc220\uac00\ub4e4\uc758 \ubaa9\uc18c\ub9ac\uc5d0 \ud798\uc744 \uc2e4\uc5b4\uc90d\ub2c8\ub2e4.[\/vc_column_text][\/vc_column_inner][vc_column_inner width=&#8221;1\/6&#8243;][\/vc_column_inner][\/vc_row_inner][\/vc_column][\/vc_row][vc_row full_width=&#8221;stretch_row&#8221; css=&#8221;.vc_custom_1533606135031{padding-top: 5% !important;padding-bottom: 35% !important;background-color: #f8f8f8 !important;}&#8221;][vc_column][vc_row_inner css=&#8221;.vc_custom_1533605620827{padding-bottom: 6% !important;}&#8221;][vc_column_inner][vc_custom_heading text=&#8221;Bringing Asian Cinema to You&#8221; font_container=&#8221;tag:h2|text_align:center&#8221; use_theme_fonts=&#8221;yes&#8221; heading_style=&#8221;heading_style_1&#8243;][vc_custom_heading text=&#8221;Korean Film Festival Canada&#8221; font_container=&#8221;tag:h2|text_align:center&#8221; use_theme_fonts=&#8221;yes&#8221; heading_style=&#8221;heading_style_6&#8243;][\/vc_column_inner][\/vc_row_inner][\/vc_column][\/vc_row][vc_row content_placement=&#8221;middle&#8221;][vc_column width=&#8221;1\/2&#8243;][vc_custom_heading text=&#8221;Today&#8221; font_container=&#8221;tag:h2|text_align:center&#8221;][vc_single_image image=&#8221;8942&#8243; img_size=&#8221;Large&#8221; alignment=&#8221;center&#8221; style=&#8221;vc_box_shadow&#8221;][\/vc_column][vc_column width=&#8221;1\/2&#8243;][vc_column_text]<span style=\"font-weight: 400;\">Arts East-West\ub294 1996\ub144\ubd80\ud130 \uc601\ud654\uc81c\uc758 \uc624\ub79c \ubaa8\ud1a0\uc778 &#8220;\ub3d9-\uc11c\uc758 \uc870\uc6b0&#8221;\uc640 \ub9de\ubb3c\ub824 \uc654\uc2b5\ub2c8\ub2e4. \uce90\ub098\ub2e4\uc640 \uc804 \uc138\uacc4\uc758 \ub2e4\ub978 \uc9c0\uc5ed\uc5d0\uc11c \uc544\uc2dc\uc544 \ubc0f \uc544\uc2dc\uc544\uacc4 \uce90\ub098\ub2e4\uc778 \ubbf8\ub514\uc5b4 \uc544\ud2f0\uc2a4\ud2b8\uac00 \ub9cc\ub4e0 \uc608\uc220\uc758 \ucc3d\uc791, \uac00\uc2dc\uc131 \ubc0f \ubcf4\uae09\uc5d0 \uc804\ub150\ud558\uace0 \uc788\uc2b5\ub2c8\ub2e4. \uc6b0\ub9ac\ub294 \uce90\ub098\ub2e4 \uc608\uc220 \ubc0f \ubb38\ud654\uacc4\uc5d0\uc11c \ud65c\ub3d9\ud558\ub294 \uc18c\uc678\ub41c \uc608\uc220\uac00\ub4e4\uc5d0\uac8c \ud798\uc744 \uc2e4\uc5b4\uc8fc\uae30 \uc704\ud55c \uc608\uc220\uc801 \uae30\ud68c\ub97c \uc81c\uacf5\ud569\ub2c8\ub2e4. \uc804\uccb4\uc801\uc778 \ud3ec\uc6a9\uc131\uacfc \uc811\uadfc\uc131\uc744 \uc704\ud574 \uc601\uc5b4, \ubd88\uc5b4, \ud55c\uad6d\uc5b4\ub85c \ubaa8\ub4e0 \ucf58\ud150\uce20\uc5d0 \ucd5c\uc120\uc744 \ub2e4\ud558\uace0 \uc788\uc9c0\ub9cc, \uacf5\uc720\ub418\ub294 \uc791\ud488\ub4e4\uc740 \uc774 \uc138 \uac00\uc9c0 \uc5b8\uc5b4\uc758 \ud45c\ud604\uc5d0\ub9cc \uad6d\ud55c\ub418\uc9c0 \uc54a\uc2b5\ub2c8\ub2e4.<\/span><\/p>\n<p>&nbsp;<\/p>\n<p><span style=\"font-weight: 400;\">\uce90\ub098\ub2e4\ud55c\uad6d\uc601\ud654\uc81c\ub294 \ubd04\uc5d0 \uc5f4\ub9ac\ub294 <\/span><span style=\"font-weight: 400;\">Arts East-West<\/span><span style=\"font-weight: 400;\">\uc758 \uc5f0\ub840 \ud504\ub85c\uc81d\ud2b8 \uc911 \ud558\ub098\uc785\ub2c8\ub2e4. KFFC\ub294 \uc601\ud654 \uc0c1\uc601, \ub514\uc9c0\ud138 \ubbf8\ub514\uc5b4 \uc791\ud488 \uc804\uc2dc, \uc544\uc2dc\uc544\uc778 \ubc0f \uc544\uc2dc\uc544\uacc4 \uce90\ub098\ub2e4\uc778 \ub514\uc544\uc2a4\ud3ec\ub77c\uc5d0 \ucd08\uc810\uc744 \ub9de\ucd98 \ucee8\ud37c\ub7f0\uc2a4, \uc2e0\uc778 \ubc0f \uc804\ubb38 \uc544\uc2dc\uc544\uacc4 \uce90\ub098\ub2e4\uc778 \uc608\uc220\uac00 \ubc0f \ucee4\ubba4\ub2c8\ud2f0 \uad6c\uc131\uc6d0\uacfc\uc758 \uc138\ubbf8\ub098, \ucc3d\uc758\uc801\uc778 \uc608\uc220 \uc6cc\ud06c\uc0f5, \uc544\ud2f0\uc2a4\ud2b8 \ud1a0\ud06c \ubc0f \ub2e4\uc591\ud55c \ud615\ud0dc\uc758 \ucd9c\ud310\ubb3c \ub4f1\uc744 \uc81c\uacf5\ud569\ub2c8\ub2e4.<\/span><\/p>\n<p>&nbsp;<\/p>\n<p><span style=\"font-weight: 400;\">\uc62c\ud574\ub294 \uce90\ub098\ub2e4\ud55c\uad6d\uc601\ud654\uc81c(KFFC 10)\uac00 \uc81c10\ud68c\ub97c \ub9de\uc774\ud558\ub294 \ud574\uc785\ub2c8\ub2e4. 2023\ub144 5\uc6d4 26\uc77c\ubd80\ud130 7\uc6d4 2\uc77c\uae4c\uc9c0 \u201c\uc544\uc2dc\uc544 \uc608\uc220: \ud68c\ubcf5\ub825\uacfc \uc9c0\uc18d \uac00\ub2a5\uc131\uc758 \ud658\uacbd 2\ubd80\u201d\ub97c \uc8fc\uc81c\ub85c \ubaac\ud2b8\ub9ac\uc62c, \ud1a0\ub860\ud1a0, \ubc34\ucfe0\ubc84\uc758 3\uac1c \uce90\ub098\ub2e4 \ub3c4\uc2dc\uc5d0\uc11c \ub9b4\ub808\uc774\ub85c \uc5f4\ub9b4 \uc608\uc815\uc785\ub2c8\ub2e4. \ub2e4\uc74c\uacfc \uac19\uc740 \ud2b9\ubcc4 \ud504\ub85c\uc81d\ud2b8\ub3c4 \uacf5\uc720\ub429\ub2c8\ub2e4:<\/span><\/p>\n<ul>\n<li style=\"font-weight: 400;\" aria-level=\"1\"><span style=\"font-weight: 400;\">\uc544\uc2dc\uc544 \uc544\ud2b8 \ucd9c\ud310 \uc5f0\uad6c\uc18c (AAPLab),\u00a0<\/span><\/li>\n<li style=\"font-weight: 400;\" aria-level=\"1\"><span style=\"font-weight: 400;\">\uc544\uc2dc\uc548 \ubbf8\ub514\uc5b4 \uc544\ud2b8 \uac24\ub7ec\ub9ac \ub3d9-\uc11c (GEW),\u00a0<\/span><\/li>\n<li style=\"font-weight: 400;\" aria-level=\"1\"><span style=\"font-weight: 400;\">5\uc6d4 18\uc77c K-ART DAY \uc120\uc5b8,\u00a0<\/span><\/li>\n<li style=\"font-weight: 400;\" aria-level=\"1\"><span style=\"font-weight: 400;\">AEW \uad00\uac1d\uc0c1,\u00a0<\/span><\/li>\n<li style=\"font-weight: 400;\" aria-level=\"1\"><span style=\"font-weight: 400;\">\ud3c9\ud654\uc758 \uc18c\ub140\uc0c1 \uc124\uce58 \uc608\uc220(\uc11c\uc6b8-\ud1a0\ub860\ud1a0-\ubaac\ud2b8\ub9ac\uc62c)<\/span><\/li>\n<li style=\"font-weight: 400;\" aria-level=\"1\"><span style=\"font-weight: 400;\">\ub77c\uc774\ube0c \uacf5\uc5f0 \uc608\uc220, \uad50\uc721 \ubc0f \uc774\ub2c8\uc154\ud2f0\ube0c \ud504\ub85c\uadf8\ub7a8 \ub4f1\u00a0\u00a0<\/span><\/li>\n<\/ul>\n<p>&nbsp;<\/p>\n<p><span style=\"font-weight: 400;\">\uc544\uc2dc\uc544 \uc544\ud2b8 \ucd9c\ud310 \uc5f0\uad6c\uc18c\ub294 \uc544\uc2dc\uc544 \ubc0f \uc544\uc2dc\uc544\uacc4 \uce90\ub098\ub2e4 \uc608\uc220 \ub0b4\uc5d0\uc11c \uc2e4\ud5d8 \ubc0f \ud559\uc81c\uac04\uc758 \ucd9c\ud310, \ucee4\ubba4\ub2c8\ucf00\uc774\uc158\uc744 \uc7a5\ub824\ud569\ub2c8\ub2e4. 2020-21\ub144\uc5d0\ub294 \uce90\ub098\ub2e4\uc640 \uc544\uc2dc\uc544 \uc804\uc5ed\uc5d0\uc11c \uc544\uc2dc\uc544 \uc601\ud654\uc5d0 \ub300\ud55c \uc5ec\uc131\uc758 \uad00\uc810\uacfc \uad00\ub828\ub41c 45\uac1c\uc758 \uc601\uc0c1\uacfc \uc5d0\uc138\uc774\ub97c \ubc1b\uc558\uc73c\uba70, 2023\ub144\uc5d0\ub294 \uc544\uc2dc\uc544\uc778 \ub514\uc544\uc2a4\ud3ec\ub77c \ubc0f \uc774\uc8fc\uc5d0 \uad00\ud55c 60\uac1c \uc774\uc0c1\uc758 \uc601\uc0c1\uacfc \uc791\ud488\uc744 \u200b\u200b\ubc1b\uc558\uc2b5\ub2c8\ub2e4. \uc774\ub7ec\ud55c \uad00\uc810\uc5d0 \uadc0\uae30\uc6b8\uc77c \ubfd0\ub9cc \uc544\ub2c8\ub77c \uacf5\uc720\ud558\uace0 \uac1c\ubc1c\ud560 \uc218 \uc788\ub294 \uc7a5\uc18c\ub97c \uc81c\uacf5\ud574\uc57c \ud569\ub2c8\ub2e4.\u00a0<\/span><\/p>\n<p>&nbsp;<\/p>\n<p><span style=\"font-weight: 400;\">\uc544\uc2dc\uc548 \ubbf8\ub514\uc5b4 \uc544\ud2b8 \uac24\ub7ec\ub9ac \ub3d9-\uc11c(GEW)\ub294 42\ub144\uc758 \uc5ed\uc0ac\ub97c \uac00\uc9c4 \ud604\ub300 \ubbf8\uc220 \uc13c\ud130\uc778 \ub2e4\uc9c0\ubc14\uc624\uc640 \ud611\ub825\ud558\uc5ec GEW\ub97c \ud604\uc7a5 \uac24\ub7ec\ub9ac\uc5d0\uc11c \uacf5\ub3d9 \uc804\uc2dc\ud569\ub2c8\ub2e4. \uc544\uc2dc\uc544\uacc4 \uce90\ub098\ub2e4\uc778\uacfc \uc544\uc2dc\uc544 \uc608\uc220 \ubc0f \uc608\uc220\uac00\uc758 \uc791\ud488\uc744 \uad00\ub78c\ud560 \uc218 \uc788\uc2b5\ub2c8\ub2e4. \uad00\uac1d\ub4e4\uc740 \uc791\uac00\uc758 \uc791\ud488\uc744 \uac00\uc0c1\uc73c\ub85c \ubcfc \uc218 \uc788\uc744 \ubfd0\ub9cc \uc544\ub2c8\ub77c KFFC 10 \uae30\uac04 \ub3d9\uc548 \ub354 \ub9ce\uc740 \ub124\ud2b8\uc6cc\ud0b9 \uae30\ud68c\ub97c \ud1b5\ud574 \ud604\uc7a5\uc5d0\uc11c \uc9c1\uc811 \uacbd\ud5d8\ud560 \uc218 \uc788\uc2b5\ub2c8\ub2e4.<\/span>[\/vc_column_text][\/vc_column][vc_column][vc_separator][\/vc_column][\/vc_row][vc_row content_placement=&#8221;top&#8221;][vc_column width=&#8221;1\/2&#8243;][vc_custom_heading text=&#8221;Tomorrow&#8221; font_container=&#8221;tag:h2|text_align:center&#8221;][vc_single_image image=&#8221;9186&#8243; img_size=&#8221;Large&#8221; alignment=&#8221;center&#8221; style=&#8221;vc_box_shadow&#8221;][\/vc_column][vc_column width=&#8221;1\/2&#8243;][vc_column_text]<span style=\"font-weight: 400;\">Arts East-West\ub294 \uc601\ud654, \ub514\uc9c0\ud138, \uc778\ud130\ub799\ud2f0\ube0c, \ubab0\uc785\ud615 \ubbf8\ub514\uc5b4 \uc544\ud2b8\uc5d0 \ucd08\uc810\uc744 \ub9de\ucd98 \ucc3d\uc791, \uc5f0\uad6c, \uc804\uc2dc, \uac1c\ubc1c \ubc0f \ucee4\ubba4\ub2c8\ud2f0 \ud504\ub85c\uc81d\ud2b8\ub97c \uc131\uc7a5\uc2dc\ud0a4\ub294 \uc544\uc2dc\uc544\uacc4 \uce90\ub098\ub2e4 \ubbf8\ub514\uc5b4 \uc544\ud2b8 \ube44\uc601\ub9ac \ub2e8\uccb4\uc785\ub2c8\ub2e4. \uc6b0\ub9ac\ub294 \ub610\ud55c \ucee4\ubba4\ub2c8\ud2f0\ub97c \uc704\ud55c \ub124\ud2b8\uc6cc\ud0b9 \uc778\ud504\ub77c\ub97c \uad6c\ucd95\ud558\uace0 \uc608\uc220\uac00\uc640 \uadf8\ub4e4\uc758 \uc791\ud488\uc5d0 \ub300\ud55c \ucc3d\uc758\uc131\uc744 \uaca9\ub824\ud558\uba70 \ud544\uc694\ud55c \ub9ac\uc18c\uc2a4\uc640 \uc548\uc804\ud55c \ud658\uacbd\uc744 \uc81c\uacf5\ud558\ub294 \uc870\ub825\uc790 \uc5ed\ud560\uc744 \ud569\ub2c8\ub2e4.<\/span><\/p>\n<p><span style=\"font-weight: 400;\">\u00a0<\/span><\/p>\n<p><span style=\"font-weight: 400;\">\uc6b0\ub9ac\uc758 \uc784\ubb34\ub294 \ub514\uc9c0\ud138 \uc138\uacc4\uac00 \uae09\uaca9\ud558\uac8c \ubcc0\ud654\ud558\ub294 \uacf3\uc5d0\uc11c \uc811\uadfc \ubc0f \uc801\uc751 \uac00\ub2a5\ud55c \uacf5\uac04\uc744 \ud1b5\ud574 \uc544\uc2dc\uc544\uc778 \ubc0f \uc544\uc2dc\uc544\uacc4 \uce90\ub098\ub2e4\uc778 \ubbf8\ub514\uc5b4 \uc544\ud2b8\ub97c \uc9c0\uc6d0\ud558\uace0 \ub192\uc774\uba70 \uae30\ub150\ud558\ub294 \uac83\uc785\ub2c8\ub2e4. \ubbf8\ub514\uc5b4 \uc544\ud2b8\uc640 \uc608\uc220\uac00\ub4e4\uc740 \uc790\uc2e0\ub4e4\uc758 \uc791\ud488\uc774 \uc0c8\ub85c\uc6b4 \ub514\uc9c0\ud138 \ubc0f \uae30\uc220 \ud658\uacbd\uc5d0 \ud1b5\ud569\ub420 \uc218 \uc788\ub294 \ud1b5\ub85c\ub97c \ud544\uc694\ub85c\ud569\ub2c8\ub2e4.<\/span><\/p>\n<p>&nbsp;<\/p>\n<p><span style=\"font-weight: 400;\">\ud604\uc7ac \uc6b0\ub9ac\uc758 \uc5f0\uc911 \ud504\ub85c\uc81d\ud2b8\uc778 \uce90\ub098\ub2e4\ud55c\uad6d\uc601\ud654\uc81c(KFFC), \uc544\uc2dc\uc544\uc544\ud2b8\ucd9c\ud310\uc5f0\uad6c\uc18c(AAPLab), \uadf8\ub9ac\uace0 \uac24\ub7ec\ub9ac \ub3d9-\uc11c(GEW)\ub294 \uc608\uc220\uac00\ub4e4\uc744 \uc9c0\uc9c0\ud558\uae30 \uc704\ud55c \uc6b0\ub9ac\uc758 \ubbf8\ub798 \ube44\uc804\uc744 \uc9c0\uc6d0\ud569\ub2c8\ub2e4. \uc6b0\ub9ac\ub294 \uc544\uc2dc\uc544\uacc4 \uce90\ub098\ub2e4\uc778, \ud55c\uad6d\uc778 \ubc0f \ubc94\uc544\uc2dc\uc544\uacc4 \ucee4\ubba4\ub2c8\ud2f0\uc5d0\uc11c \ubbf8\ub514\uc5b4 \uc544\ud2b8\ub97c \uc9c0\uc18d\uc801\uc73c\ub85c \ubc1c\uad74\ud558\uace0 \uc7ac\ubc1c\uacac\ud560 \uc218 \uc788\ub3c4\ub85d \uc9c0\uc6d0\ud558\uc5ec \uc544\ud2f0\uc2a4\ud2b8\ubfd0\ub9cc \uc544\ub2c8\ub77c \uc5c5\uacc4 \uc2e0\uc778 \uc544\ud2f0\uc2a4\ud2b8 \ubc0f \uc804\ubb38\uac00\ub4e4\uc5d0\uac8c \uc548\uc804\ud558\uace0 \ud3ed\ub113\uc740 \ud658\uacbd\uc5d0\uc11c \ub354 \ub9ce\uc740 \uc811\uadfc\uc131, \uc790\uc6d0 \ubc0f \uae30\ud68c\ub97c \uc81c\uacf5\ud560 \uac83\uc785\ub2c8\ub2e4.<\/span><\/p>\n<p>&nbsp;<\/p>\n<p><span style=\"font-weight: 400;\">\uc6b0\ub9ac\ub294 \uc608\uc220 \ubd84\uc57c\uc5d0 \ub3c5\ub9bd\uc744 \ubd80\uc5ec\ud558\uace0, \uc18c\uc678\ub41c \uc608\uc220\uac00\uc640 \uc870\uc9c1\uc5d0 \ub300\ud55c \uc81c\ub3c4\uc801 \ucc28\ubcc4 \ubb38\uc81c\uc758 \uc778\uc2dd\uc744 \ub192\uc774\uba70, \uce90\ub098\ub2e4 \uc18d\uc5d0 \ub2e4\uc591\uc131\uc758 \uc77c\ubd80\ub85c\uc11c \uacf5\uc720\ub41c \uad00\uc810\uc758 \ud3ec\uad04\uc801\uc778 \uc791\uc5c5 \uc870\uac74\uc744 \ub9cc\ub4e4\uae30 \uc704\ud574 \ub178\ub825\ud569\ub2c8\ub2e4. \uc6b0\ub9ac\ub294 \uc544\uc2dc\uc544\uacc4 \uce90\ub098\ub2e4\uc778\uc758 \ubbf8\ub514\uc5b4 \uc544\ud2f0\uc2a4\ud2b8\uc640 \uadf8\ub4e4\uc758 \ucee4\ubba4\ub2c8\ud2f0\ub97c \ub2e4\uad6d\uc5b4\ub85c \uc874\uc911\ud558\uba70 \uacf5\uc720 \ubc0f \uc721\uc131\ud558\uae30 \uc704\ud55c \ucc3d\uc758\uc801\uc778 \uacf5\uac04\uc744 \uad6c\ucd95\ud558\uae30 \uc704\ud574 \ub178\ub825\ud558\uace0 \uc788\uc2b5\ub2c8\ub2e4.<\/span><\/p>\n<p>&nbsp;<\/p>\n<p><span style=\"font-weight: 400;\">Arts East-West\uc758 \uc758\ubb34\ub294 \uacfc\uac70 \uc0ac\ub78c\ub4e4\uc758 \uc774\uc57c\uae30\ub97c \ubc18\uc601\ud558\ub294 \ub3d9\uc2dc\uc5d0 \uc774 \uc774\uc57c\uae30\ub4e4\uc744 \ud604\uc7ac\ub85c \uc62e\uaca8 \ubbf8\ub798\uc758 \ubaa9\uc18c\ub9ac\uac00 \ub418\ub3c4\ub85d \ucc3d\uc758\uc131, \uc5f0\uacb0\uc131 \ubc0f \uc721\uc131\uacfc \uacf5\uc720\ub97c \ucd09\uc9c4\ud558\uace0 \uc0dd\uc0b0\ud569\ub2c8\ub2e4.<\/span>[\/vc_column_text][\/vc_column][\/vc_row][vc_row][vc_column][vc_separator][\/vc_column][\/vc_row][vc_row content_placement=&#8221;middle&#8221;][vc_column width=&#8221;1\/2&#8243;][vc_custom_heading text=&#8221;Yesterday&#8221; font_container=&#8221;tag:h2|text_align:center&#8221;][vc_single_image image=&#8221;9183&#8243; img_size=&#8221;Large&#8221; alignment=&#8221;center&#8221; style=&#8221;vc_box_shadow&#8221;][\/vc_column][vc_column width=&#8221;1\/2&#8243;][vc_column_text]<span style=\"font-weight: 400;\">\uacfc\uac70\uc5d0, \uce90\ub098\ub2e4\ud55c\uad6d\uc601\ud654\uc81c\ub294 \uc2dc\ub124-\uc544\uc9c0 \uc601\ud654 \uc5f0\uad6c\uc18c(\uc2dc\ub124-\uc544\uc9c0)\uc758 \uc0b0\ud558\uc5d0 \uc804\uac1c\ub41c \ud504\ub85c\uc81d\ud2b8 \uc911 \ud558\ub098\uc600\uc2b5\ub2c8\ub2e4. \uc2dc\ub124-\uc544\uc9c0\ub294 1996\ub144 \uc124\ub9bd\ub41c \uce90\ub098\ub2e4\uc758 \ube44\uc601\ub9ac \ub2e8\uccb4\ub85c \uc601\uc0c1\uc608\uc220 \ucee4\ubba4\ub2c8\ud2f0\uc5d0 \uae30\uc5ec\ud558\uba70 \uc544\uc2dc\uc544\uacc4 \uce90\ub098\ub2e4\uc778\ub4e4\uc758 \ucf58\ud150\uce20\uc5d0 \uc8fc\ub825\ud558\uc600\uc2b5\ub2c8\ub2e4. \uc2dc\ub124-\uc544\uc9c0\uc758 \ubaa9\uc801\uc740 \uc880\ucc98\ub7fc \uc120\ubcf4\uc774\uae30 \ud798\ub4e0 \uc544\uc2dc\uc544\uc778\uacfc \uc544\uc2dc\uc544\uacc4 \uce90\ub098\ub2e4\uc778\uc758 \uc601\uc0c1\uc544\ud2b8\uc5d0 \ubaa9\uc18c\ub9ac\ub97c \ub0b4\ub294 \uac83\uc785\ub2c8\ub2e4. \uc2dc\ub124-\uc544\uc9c0\uc758 \ube44\uc804\uc740 \uc544\uc2dc\uc544\uacc4 \uce90\ub098\ub2e4\uc778 \uc601\ud654 \uc81c\uc791\uc790\ub4e4\uc744 \ub300\uc911\uc5d0\uac8c \uacf5\uac1c\ud558\uace0 \uc544\uc2dc\uc544\uacc4 \uce90\ub098\ub2e4\uc778 \ucee4\ubba4\ub2c8\ud2f0\uc5d0\uc11c \uadf8\ub4e4\uc758 \ubb38\ud654 \uc720\uc0b0\uc744 \uae30\ub150\ud560 \uc218 \uc788\ub294 \uae30\ud68c\ub97c \uc81c\uacf5\ud558\ub294 \uac83\uc785\ub2c8\ub2e4.<\/span><\/p>\n<p>&nbsp;<\/p>\n<p><span style=\"font-weight: 400;\">\uc608\uc220\ubb38\ud654\uac00 \ud48d\uc131\ud55c \ub3c4\uc2dc, \ubaac\ud2b8\ub9ac\uc62c\uc744 \uae30\ubc18\uc73c\ub85c \ud55c \uc2dc\ub124-\uc544\uc9c0\ub294 \uc544\uc2dc\uc544 \ubb38\ud654 \uc720\uc0b0 \uc601\ud654\uc640 \uc544\uc2dc\uc544\uacc4 \uce90\ub098\ub2e4\uc778\ub4e4\uc758\u00a0 \ub3c5\ub9bd\uc601\ud654\ub97c \uc721\uc131\ud558\uc5ec \ucc3d\ub9bd \uc5f0\ub3c4\ubd80\ud130 \ubb38\ud654 \ud658\uacbd\uc5d0 \uae30\uc5ec\ud558\uc600\uc2b5\ub2c8\ub2e4. \uc2dc\ub124-\uc544\uc9c0\uc758 \uccab \ubc88\uc9f8 \ud504\ub85c\uc81d\ud2b8\ub294 \ub274\uc695\uc5d0\uc11c MOMA\uc640 \ud611\ub825\ud558\uc5ec \uc804\uad6d\uc801\uc73c\ub85c \ud638\ud3c9\uc744 \ubc1b\uc740 &#8220;3\uc778\uc758 \ud55c\uad6d \uac70\uc7a5 \uac10\ub3c5\uc804: \uc2e0\uc0c1\uc625, \uc720\ud604\ubaa9, \uc784\uad8c\ud0dd&#8221;\uc785\ub2c8\ub2e4. \uc774 \ud504\ub85c\uc81d\ud2b8\ub294 \uce90\ub098\ub2e4 Jean-Critien \ud589\uc815\ubd80\ub85c\ubd80\ud130 \u2018\ud300 \uce90\ub098\ub2e4 \ud504\ub85c\uc81d\ud2b8(Team Canada Project)\u2019\ub97c \uc218\uc0c1\ud558\uc600\uace0, 1997\ub144\uc5d0\ub294 \uce90\ub098\ub2e4 \uc804\uc5ed\uc744 \uc21c\ud68c\ud558\uc600\uc2b5\ub2c8\ub2e4.<\/span><\/p>\n<p>&nbsp;<\/p>\n<p><span style=\"font-weight: 400;\">\uc2dc\ub124-\uc544\uc9c0\ub294 \ucc3d\ub9bd \uc774\ud6c4\ub85c \ud1a0\ub860\ud1a0\uc758 \ub9b4 \uc544\uc2dc\uc544 \uc601\ud654\uc81c(Reel Asian Film Festival),\u00a0 \ud310\ud0c0\uc9c0\uc544 \uc601\ud654\uc81c(Fantasia Film Festival), \ubaac\ud2b8\ub9ac\uc62c\uc758 \ud398\uc2a4\ud2f0\ubc8c (Festival Acc\u00e8s Asie) \ub4f1 \ub2e4\ub978\u00a0 \uc5ec\ub7ec \uae30\uad00.\ub2e8\uccb4\ub4e4 \ubc0f \uce90\ub098\ub2e4 \ud398\uc2a4\ud2f0\ubc8c\uacfc \ud611\uc5c5\ud558\uc600\uc2b5\ub2c8\ub2e4. \uc528\ub124-\uc544\uc9c0\ub294 \ub610\ud55c \uc2dc\ub124\ub9c8\ud14c\ud06c \ud018\ubca1\ucfe0\uc544\uc988(Cin\u00e9math\u00e8que qu\u00e9b\u00e9coise), \uce90\ub098\ub2e4 \ud544\ub984 \uc778\uc2a4\ud2f0\ud29c\ud2b8, \ud558\ubc84\ud504\ub860\ud2b8 \uc13c\ud130, \ubca4\ucfe0\ubc84\uc758 \ud37c\uc2dc\ud53d \uc2dc\ub124\ub9c8\ud14c\ud06c(Pacific Cin\u00e9math\u00e8que), AMC \ud3ec\ub7fc, \uc2a4\ubbf8\uc2a4\uc18c\ub2c8\uc5b8 \ubc15\ubb3c\uad00(Smithsonian Museum), NYU Tish, UCLA \ub4f1 \ub2e4\uc218\uc758 \uc8fc\uc694 \ubb38\ud654\uc608\uc220 \uae30\uad00\uacfc \ud504\ub85c\uc81d\ud2b8\ub97c \uc9c4\ud589\ud558\uc600\uc2b5\ub2c8\ub2e4. \uc774\uc640 \ub354\ubd88\uc5b4 \uc624\ub79c\uae30\uac04\ub3d9\uc548 \uc2dc\ub124\ub9c8\ud14c\ud06c \ud018\ubca1\ucfe0\uc544\uc988\uc640 \ub2e4\uc218\uc758 \uc815\uae30\uc801 \ud589\uc0ac, \ud2b9\ubcc4\ud589\uc0ac\ub97c \uc9c4\ud589\ud558\uc600\uc2b5\ub2c8\ub2e4. 2006\ub144 \ud68c\uace0\uc804 &#8216;Regard sur le Cin\u00e9ma Sud-cor\u00e9en\u2019, 2008\ub144 &#8216;\ud64d\uc0c1\uc218 \ud68c\uace0\uc804&#8217; \ub4f1\uc758 \ubbf8\ub514\uc5b4 \uc608\uc220\/\ubb38\ud654 \ud589\uc0ac\ub97c \uc9c0\uc18d\uc801\uc73c\ub85c \uac1c\ucd5c\ud558\uc600\uc2b5\ub2c8\ub2e4. \ub610\ud55c, \ucf69\ucf54\ub514\uc544 \ub300\ud559\uacfc \ub274\uc695\uc758 \ub9c1\ucee8\uc13c\ud130\uc601\ud654\uc640 \uacf5\ub3d9\uc73c\ub85c \u201c1993-1949 \uc911\uad6d\uc601\ud654\u201d \ud68c\uace0\uc804\uc744 \uac1c\ucd5c\ud558\uae30\ub3c4 \ud588\uc2b5\ub2c8\ub2e4.\u00a0<\/span><\/p>\n<p>&nbsp;<\/p>\n<p><span style=\"font-weight: 400;\">\uce90\ub098\ub2e4\ud55c\uad6d\uc601\ud654\uc81c\ub294 \uc5ec\ud0dc\uae4c\uc9c0 Cin\u00e9-Asie \uc0b0\ud558\uc758 \ud504\ub85c\uc81d\ud2b8\uc600\uc73c\ub098, 2019\ub144 \ub3c5\ub9bd\uc744 \uc120\uc5b8\ud588\uc2b5\ub2c8\ub2e4. \uadf8\ud574, KFFC\ub294 \ucc98\uc74c\uc73c\ub85c \ubaac\ud2b8\ub9ac\uc62c \ub300\ud559 \uc544\uc2dc\uc544\ud559\uc13c\ud130\uc640 \uc601\ud654\uc81c\ub97c \uad6c\uc131\ud558\uae30\ub3c4 \ud588\uc2b5\ub2c8\ub2e4. \uc774\ub294 1996\ub144 \uc601\ud654\uc81c\uac00 \uc124\ub9bd\ub41c \uc774\ud6c4 \ubd88\uc5b4\uad8c \ud658\uacbd\uc758 \uc911\uc2ec\uc5d0 \uc601\ud654\uc81c\ub97c \ud1b5\ud569\ud558\ub824\ub294 \uccab \uc2dc\ub3c4\uc774\uae30\ub3c4 \ud569\ub2c8\ub2e4.<\/span><\/p>\n<p><span style=\"font-weight: 400;\">\u00a0<\/span><\/p>\n<p><span style=\"font-weight: 400;\">2021\ub144 \ud604\uc7ac, \uce90\ub098\ub2e4\ud55c\uad6d\uc601\ud654\uc81c\ub294 \ub3d9\uc11c\uc591\uc758 \ubb38\ud654\ub97c \uc774\uc5b4\uc8fc\ub294 \uc0ac\uba85\uc744 \ub2e4\ud558\uba74\uc11c \uc601\ud654\ubfd0\ub9cc \uc544\ub2c8\ub77c \ub2e4\ub978 \uc608\uc220 \ub9e4\uccb4\ub97c \ud64d\ubcf4\ud558\uace0\uc790 \uc2a4\uc2a4\ub85c\ub97c \ub3d9\uacfc \uc11c\ub97c \uc787\ub294 \uc608\uc220 (East-West Arts)\ub85c \uc7ac\ud3b8\uc131\ud588\uc2b5\ub2c8\ub2e4.<\/span><\/p>\n<p>&nbsp;[\/vc_column_text][\/vc_column][\/vc_row][vc_row full_width=&#8221;stretch_row&#8221; css=&#8221;.vc_custom_1533607501787{padding-top: 6% !important;padding-bottom: 35% !important;background-image: url(https:\/\/koreanfilmfestivalcanada.ca\/wp-content\/uploads\/2018\/08\/creative-bg-1.jpg?id=2500) !important;background-position: center !important;background-repeat: no-repeat !important;background-size: cover !important;}&#8221;][vc_column][vc_row_inner][vc_column_inner][vc_custom_heading text=&#8221;Festival Team&#8221; font_container=&#8221;tag:h2|text_align:center&#8221; use_theme_fonts=&#8221;yes&#8221; heading_style=&#8221;heading_style_1&#8243;][vc_custom_heading text=&#8221;&#8221; font_container=&#8221;tag:h2|text_align:center|color:%23ffffff&#8221; use_theme_fonts=&#8221;yes&#8221; heading_style=&#8221;heading_style_6&#8243; pre_heading=&#8221;Bridging&#8221; hightlight_heading=&#8221;East and West&#8221;][\/vc_column_inner][\/vc_row_inner][\/vc_column][\/vc_row][vc_row css=&#8221;.vc_custom_1533607604305{margin-top: -33% !important;padding-bottom: 8% !important;}&#8221;][vc_column][vc_row_inner css=&#8221;.vc_custom_1533607611255{padding-top: 6% !important;}&#8221;][vc_column_inner width=&#8221;1\/2&#8243;][vc_btn title=&#8221;Meet the team&#8221; align=&#8221;right&#8221; button_style=&#8221;button_style_7&#8243; link=&#8221;url:https%3A%2F%2Fkoreanfilm.ca%2Fabout%2FteamStructure|title:Staff%20and%20team%20structure|target:_blank&#8221;][\/vc_column_inner][vc_column_inner width=&#8221;1\/2&#8243;][vc_btn title=&#8221;Join Us&#8221; align=&#8221;left&#8221; button_style=&#8221;button_style_8&#8243; link=&#8221;url:https%3A%2F%2Fkoreanfilmfestivalcanada.ca%2Fabout-us%2Fcontact-us%2Femployment-opportunities%2F|title:Employment%20opportunities&#8221;][\/vc_column_inner][\/vc_row_inner][\/vc_column][\/vc_row]<\/p>\n<\/section>","protected":false},"excerpt":{"rendered":"<p>[vc_row full_width=&#8221;stretch_row&#8221; css=&#8221;.vc_custom_1682285569725{padding-top: 25% !important;padding-bottom: 25% !important;background-image: url(https:\/\/koreanfilmfestivalcanada.ca\/wp-content\/uploads\/2023\/04\/Crowd-above-2-scaled.jpg?id=6215) !important;background-position: center !important;background-repeat: no-repeat !important;background-size: cover !important;}&#8221;][vc_column][vc_row_inner css=&#8221;.vc_custom_1533605090329{padding-top: 2% !important;}&#8221;][vc_column_inner][vc_custom_heading text=&#8221;since 1996&#8243; font_container=&#8221;tag:h2|text_align:center&#8221; use_theme_fonts=&#8221;yes&#8221; heading_style=&#8221;heading_style_6&#8243; pre_heading=&#8221;Where&#8221; hightlight_heading=&#8221;East&#8230;<\/p>\n","protected":false},"author":4,"featured_media":0,"parent":6945,"menu_order":0,"comment_status":"closed","ping_status":"closed","template":"","meta":{"_coblocks_attr":"","_coblocks_dimensions":"","_coblocks_responsive_height":"","_coblocks_accordion_ie_support":"","footnotes":""},"class_list":["post-12163","page","type-page","status-publish","hentry"],"acf":[],"_links":{"self":[{"href":"https:\/\/koreanfilmfestivalcanada.ca\/ko\/wp-json\/wp\/v2\/pages\/12163","targetHints":{"allow":["GET"]}}],"collection":[{"href":"https:\/\/koreanfilmfestivalcanada.ca\/ko\/wp-json\/wp\/v2\/pages"}],"about":[{"href":"https:\/\/koreanfilmfestivalcanada.ca\/ko\/wp-json\/wp\/v2\/types\/page"}],"author":[{"embeddable":true,"href":"https:\/\/koreanfilmfestivalcanada.ca\/ko\/wp-json\/wp\/v2\/users\/4"}],"replies":[{"embeddable":true,"href":"https:\/\/koreanfilmfestivalcanada.ca\/ko\/wp-json\/wp\/v2\/comments?post=12163"}],"version-history":[{"count":5,"href":"https:\/\/koreanfilmfestivalcanada.ca\/ko\/wp-json\/wp\/v2\/pages\/12163\/revisions"}],"predecessor-version":[{"id":12232,"href":"https:\/\/koreanfilmfestivalcanada.ca\/ko\/wp-json\/wp\/v2\/pages\/12163\/revisions\/12232"}],"up":[{"embeddable":true,"href":"https:\/\/koreanfilmfestivalcanada.ca\/ko\/wp-json\/wp\/v2\/pages\/6945"}],"wp:attachment":[{"href":"https:\/\/koreanfilmfestivalcanada.ca\/ko\/wp-json\/wp\/v2\/media?parent=12163"}],"curies":[{"name":"wp","href":"https:\/\/api.w.org\/{rel}","templated":true}]}}