{"id":7107,"date":"2023-03-04T16:25:07","date_gmt":"2023-03-04T21:25:07","guid":{"rendered":"https:\/\/koreanfilmfestivalcanada.ca\/?page_id=7107"},"modified":"2023-07-10T21:34:01","modified_gmt":"2023-07-11T01:34:01","slug":"communique-de-presse","status":"publish","type":"page","link":"https:\/\/koreanfilmfestivalcanada.ca\/fr\/communique-de-presse\/","title":{"rendered":"Annonces"},"content":{"rendered":"\n\n                <div  class=\"pg09e531ed43cc PGBlockPostGrid PGBlockPostGrid-pg09e531ed43cc\" postgridargs={\"blockId\":\"pg09e531ed43cc\",\"lazyLoad\":{\"enable\":\"no\"}}>\n            <div class=\"loop-loading\"><\/div>\n            <div class=\"items-loop\" id=\"items-loop-pg09e531ed43cc\">\n                                        <div class=\"item\">\n                                        <div class=\"pg-layers pg6b92443eb17d\">\n                \n            <div class=\"pga0895e574934\">\n                                    <img loading=\"lazy\" decoding=\"async\" src=\"https:\/\/koreanfilmfestivalcanada.ca\/wp-content\/uploads\/2024\/02\/Conference-Facebook-Event-Page-Cover.png\" width=\"1640\" height=\"924\" alt=\"\" title=\"Conference-Facebook-Event-Page-Cover\" \/>\n\n                            <\/div>\n        \n\n\n\n\n\n\n\n\n\n\n                    <h2 class=\"pg61669b54c532\">\n                                    <a href=\"https:\/\/koreanfilmfestivalcanada.ca\/fr\/communique-de-presse-la-troisieme-conference-internationale-daaplab-arrive-reservez-vos-places-et-venez-nous-rejoindre\/\" rel=\"\" target=\"_blank\">\n                                                La troisi\u00e8me conf\u00e9rence internationale d&#8217;AAPlab arrive ! R\u00e9servez vos places et venez nous rejoindre !                                            <\/a>\n                            <\/h2>\n        \n\n\n\n\n\n\n\n\n\n            <\/div>\n                        <\/div>\n                                        <div class=\"item\">\n                                        <div class=\"pg-layers pg6b92443eb17d\">\n                \n            <div class=\"pga0895e574934\">\n                                    <img loading=\"lazy\" decoding=\"async\" src=\"https:\/\/koreanfilmfestivalcanada.ca\/wp-content\/uploads\/2021\/12\/https___cdn.evbuc_.com_images_521854819_928183166343_1_original.jpg\" width=\"720\" height=\"720\" alt=\"\" title=\"https___cdn.evbuc.com_images_521854819_928183166343_1_original\" \/>\n\n                            <\/div>\n        \n\n\n\n\n\n\n\n\n\n\n                    <h2 class=\"pg61669b54c532\">\n                                    <a href=\"https:\/\/koreanfilmfestivalcanada.ca\/fr\/soiree-ouverture-kffc10\/\" rel=\"\" target=\"_blank\">\n                                                Soir\u00e9e d&#8217;ouverture \u00e0 Montr\u00e9al du KFFC 10                                            <\/a>\n                            <\/h2>\n        \n\n\n\n\n\n\n\n\n\n            <\/div>\n                        <\/div>\n                                        <div class=\"item\">\n                                        <div class=\"pg-layers pg6b92443eb17d\">\n                \n            <div class=\"pga0895e574934\">\n                                    <img loading=\"lazy\" decoding=\"async\" src=\"https:\/\/koreanfilmfestivalcanada.ca\/wp-content\/uploads\/2023\/04\/meeting1-1.jpg\" width=\"1920\" height=\"1440\" alt=\"\" title=\"meeting1 (1)\" \/>\n\n                            <\/div>\n        \n\n\n\n\n\n\n\n\n\n\n                    <h2 class=\"pg61669b54c532\">\n                                    <a href=\"https:\/\/koreanfilmfestivalcanada.ca\/fr\/end-of-the-year-wrap-up-team-and-board-of-directors\/\" rel=\"\" target=\"_blank\">\n                                                Synth\u00e8se de fin d&#8217;ann\u00e9e : \u00c9quipe et conseil d&#8217;administration                                            <\/a>\n                            <\/h2>\n        \n\n\n\n\n\n\n\n\n\n            <\/div>\n                        <\/div>\n                                        <div class=\"item\">\n                                        <div class=\"pg-layers pg6b92443eb17d\">\n                \n            <div class=\"pga0895e574934\">\n                                    <img loading=\"lazy\" decoding=\"async\" src=\"https:\/\/koreanfilmfestivalcanada.ca\/wp-content\/uploads\/2021\/12\/My-project-1-10.png\" width=\"840\" height=\"440\" alt=\"\" title=\"My project-1 (10)\" \/>\n\n                            <\/div>\n        \n\n\n\n\n\n\n\n\n\n\n                    <h2 class=\"pg61669b54c532\">\n                                    <a href=\"https:\/\/koreanfilmfestivalcanada.ca\/fr\/a-big-year-ahead-what-is-coming-up-in-2023\/\" rel=\"\" target=\"_blank\">\n                                                Une grande ann\u00e9e \u00e0 venir ! Ce qui nous attend en 2023                                            <\/a>\n                            <\/h2>\n        \n\n\n\n\n\n\n\n\n\n            <\/div>\n                        <\/div>\n                            <\/div>\n\n                            <div id=\"pagination-pg09e531ed43cc\" class=\"pagination PGBlockPostGrid-pagination normal\" blockArgs=\"{&quot;blockId&quot;:&quot;pg09e531ed43cc&quot;,&quot;lazyLoad&quot;:{&quot;enable&quot;:&quot;no&quot;},&quot;pagination&quot;:{&quot;type&quot;:&quot;normal&quot;,&quot;loadMoreText&quot;:&quot;Load More&quot;,&quot;loadingText&quot;:&quot;Loading...&quot;,&quot;noMorePosts&quot;:&quot;No More Posts&quot;,&quot;loadingIcon&quot;:&quot;&lt;i class=\\&quot;loademore-icon \\&quot;&gt;&lt;\\\/i&gt;&quot;,&quot;page&quot;:1,&quot;prevText&quot;:&quot;Previous&quot;,&quot;nextText&quot;:&quot;Next&quot;,&quot;maxPageNum&quot;:&quot;&quot;},&quot;noPosts&quot;:false}\">\n                                                                \n\n                    \n\n                    \n                    \n                                    <\/div>\n                    <\/div>\n        \n\n\n\n\n\n\n\n\n","protected":false},"excerpt":{"rendered":"","protected":false},"author":2,"featured_media":0,"parent":0,"menu_order":0,"comment_status":"closed","ping_status":"closed","template":"","meta":{"_coblocks_attr":"","_coblocks_dimensions":"","_coblocks_responsive_height":"","_coblocks_accordion_ie_support":"","footnotes":""},"class_list":["post-7107","page","type-page","status-publish","hentry"],"acf":[],"_links":{"self":[{"href":"https:\/\/koreanfilmfestivalcanada.ca\/fr\/wp-json\/wp\/v2\/pages\/7107","targetHints":{"allow":["GET"]}}],"collection":[{"href":"https:\/\/koreanfilmfestivalcanada.ca\/fr\/wp-json\/wp\/v2\/pages"}],"about":[{"href":"https:\/\/koreanfilmfestivalcanada.ca\/fr\/wp-json\/wp\/v2\/types\/page"}],"author":[{"embeddable":true,"href":"https:\/\/koreanfilmfestivalcanada.ca\/fr\/wp-json\/wp\/v2\/users\/2"}],"replies":[{"embeddable":true,"href":"https:\/\/koreanfilmfestivalcanada.ca\/fr\/wp-json\/wp\/v2\/comments?post=7107"}],"version-history":[{"count":7,"href":"https:\/\/koreanfilmfestivalcanada.ca\/fr\/wp-json\/wp\/v2\/pages\/7107\/revisions"}],"predecessor-version":[{"id":11697,"href":"https:\/\/koreanfilmfestivalcanada.ca\/fr\/wp-json\/wp\/v2\/pages\/7107\/revisions\/11697"}],"wp:attachment":[{"href":"https:\/\/koreanfilmfestivalcanada.ca\/fr\/wp-json\/wp\/v2\/media?parent=7107"}],"curies":[{"name":"wp","href":"https:\/\/api.w.org\/{rel}","templated":true}]}}