{"id":7087,"date":"2023-03-04T16:20:51","date_gmt":"2023-03-04T21:20:51","guid":{"rendered":"https:\/\/koreanfilmfestivalcanada.ca\/?page_id=7087"},"modified":"2023-07-13T17:20:47","modified_gmt":"2023-07-13T21:20:47","slug":"possibilites-demploi","status":"publish","type":"page","link":"https:\/\/koreanfilmfestivalcanada.ca\/fr\/a-propos\/nous-contacter\/possibilites-demploi\/","title":{"rendered":"Possibilit\u00e9s d&#8217;emploi"},"content":{"rendered":"<section class=\"wpb-content-wrapper\"><p>[vc_row][vc_column][vc_column_text]<\/p>\n<p style=\"text-align: center;\"><strong><span style=\"font-family: arial, helvetica, sans-serif; font-size: 24pt;\">Offres de stage<\/span><\/strong><\/p>\n<p><span style=\"font-family: arial, helvetica, sans-serif; font-size: 14pt;\">\u00cates-vous int\u00e9ress\u00e9 par le cin\u00e9ma, la culture cor\u00e9enne et avez du temps \u00e0 consacrer pour nous aider \u00e0 concr\u00e9tiser nos festivals, projections et ateliers ? En rejoignant notre \u00e9quipe, vous ferez partie d&#8217;un environnement multiculturel, dynamique et stimulant qui construit et \u00e9largit les voix des diverses communaut\u00e9s de Montr\u00e9al.<\/span><\/p>\n<p><span style=\"font-family: arial, helvetica, sans-serif; font-size: 14pt;\">Pour plus d&#8217;informations, veuillez envoyer un CV simple \u00e0 l&#8217;adresse <a href=\"mailto:kffcaes.coordination@gmail.com\" target=\"_new\" rel=\"noopener\">kffcaes.coordination@gmail.com<\/a> en anglais, cor\u00e9en ou fran\u00e7ais.<\/span>[\/vc_column_text][\/vc_column][\/vc_row][vc_row][vc_column][vc_single_image image=&#8221;10090&#8243; img_size=&#8221;large&#8221;][\/vc_column][\/vc_row]<\/p>\n<\/section>","protected":false},"excerpt":{"rendered":"<p>[vc_row][vc_column][vc_column_text] Offres de stage \u00cates-vous int\u00e9ress\u00e9 par le cin\u00e9ma, la culture cor\u00e9enne et avez du temps \u00e0 consacrer pour nous aider \u00e0 concr\u00e9tiser nos festivals,&#8230;<\/p>\n","protected":false},"author":2,"featured_media":0,"parent":7012,"menu_order":0,"comment_status":"closed","ping_status":"closed","template":"","meta":{"_coblocks_attr":"","_coblocks_dimensions":"","_coblocks_responsive_height":"","_coblocks_accordion_ie_support":"","footnotes":""},"class_list":["post-7087","page","type-page","status-publish","hentry"],"acf":[],"_links":{"self":[{"href":"https:\/\/koreanfilmfestivalcanada.ca\/fr\/wp-json\/wp\/v2\/pages\/7087","targetHints":{"allow":["GET"]}}],"collection":[{"href":"https:\/\/koreanfilmfestivalcanada.ca\/fr\/wp-json\/wp\/v2\/pages"}],"about":[{"href":"https:\/\/koreanfilmfestivalcanada.ca\/fr\/wp-json\/wp\/v2\/types\/page"}],"author":[{"embeddable":true,"href":"https:\/\/koreanfilmfestivalcanada.ca\/fr\/wp-json\/wp\/v2\/users\/2"}],"replies":[{"embeddable":true,"href":"https:\/\/koreanfilmfestivalcanada.ca\/fr\/wp-json\/wp\/v2\/comments?post=7087"}],"version-history":[{"count":2,"href":"https:\/\/koreanfilmfestivalcanada.ca\/fr\/wp-json\/wp\/v2\/pages\/7087\/revisions"}],"predecessor-version":[{"id":12193,"href":"https:\/\/koreanfilmfestivalcanada.ca\/fr\/wp-json\/wp\/v2\/pages\/7087\/revisions\/12193"}],"up":[{"embeddable":true,"href":"https:\/\/koreanfilmfestivalcanada.ca\/fr\/wp-json\/wp\/v2\/pages\/7012"}],"wp:attachment":[{"href":"https:\/\/koreanfilmfestivalcanada.ca\/fr\/wp-json\/wp\/v2\/media?parent=7087"}],"curies":[{"name":"wp","href":"https:\/\/api.w.org\/{rel}","templated":true}]}}