{"id":7016,"date":"2023-03-04T16:20:22","date_gmt":"2023-03-04T21:20:22","guid":{"rendered":"https:\/\/koreanfilmfestivalcanada.ca\/?page_id=7016"},"modified":"2023-06-29T13:17:49","modified_gmt":"2023-06-29T17:17:49","slug":"faire-un-don","status":"publish","type":"page","link":"https:\/\/koreanfilmfestivalcanada.ca\/fr\/a-propos\/nous-contacter\/faire-un-don\/","title":{"rendered":"Faire un don"},"content":{"rendered":"<section class=\"wpb-content-wrapper\"><p>[vc_row][vc_column][vc_row_inner][vc_column_inner][vc_column_text]<\/p>\n<p style=\"text-align: center;\"><span style=\"font-size: 24pt; font-family: 'arial black', sans-serif;\"><strong>DONATIONS FERM\u00c9ES<\/strong><\/span><\/p>\n<p><span style=\"font-weight: 400; font-family: arial, helvetica, sans-serif;\">Les donations pour le festival sont maintenant ferm\u00e9es. Nous remercions chaleureusement nos contributeurs pour leur g\u00e9n\u00e9reux soutien.<\/span><\/p>\n<p><span style=\"font-weight: 400; font-family: arial, helvetica, sans-serif;\">Cette ann\u00e9e, les dons ont \u00e9t\u00e9 destin\u00e9s aux vainqueurs des Prix \u201cChoix du Public\u201d. Gr\u00e2ce \u00e0 votre soutien, chacun des 15 laur\u00e9ats recevra un prix en esp\u00e8ces de 60 $, totalisant 900 $ CAD. Ce prix repr\u00e9sente une reconnaissance publique et une appr\u00e9ciation de leurs talents. Nous exprimons notre gratitude \u00e0 Alice Jim, Livia Monnet, Yiou Wang, Jash Villadares, Walter Chi-Yan-Tom, Dominique Caouette, Deanna Wong, Pr\u00e9sident de l&#8217;Association des Chan de Montr\u00e9al de la communaut\u00e9 chinoise de Chinatown, et Mi-Jeong Lee pour leurs dons.<\/span><\/p>\n<p><span style=\"font-weight: 400; font-family: arial, helvetica, sans-serif;\">Votre soutien a consid\u00e9rablement aid\u00e9 notre festival, nous permettant de fournir une plateforme de visibilit\u00e9 aux artistes \u00e9mergents et d&#8217;inspirer notre communaut\u00e9. Nous sommes profond\u00e9ment reconnaissants de votre confiance en notre mission et de votre d\u00e9vouement envers les arts.<\/span><\/p>\n<p><span style=\"font-family: arial, helvetica, sans-serif;\"><b>R\u00e9ouverture des dons lors de la prochaine \u00e9dition<\/b><\/span><\/p>\n<p><span style=\"font-weight: 400; font-family: arial, helvetica, sans-serif;\">Les dons rouvriront lors de la prochaine \u00e9dition du festival. Votre soutien continu est inestimable, et nous vous tiendrons inform\u00e9s et vous notifierons rapidement lorsque le syst\u00e8me des donations rouvrira. Ensemble, continuons \u00e0 avoir un impact positif sur les arts !<\/span><\/p>\n<p><strong><span style=\"font-family: arial, helvetica, sans-serif;\">Restez inform\u00e9 !<\/span><\/strong><\/p>\n<p><span style=\"font-weight: 400; font-family: arial, helvetica, sans-serif;\">Soyez les premiers \u00e0 \u00eatre mis au courant lorsque les donations seront disponibles en vous abonnant \u00e0 notre newsletter ou en nous suivant sur les r\u00e9seaux sociaux. Nous nous assurerons que vous receviez des mises \u00e0 jour en temps et en heure sur la r\u00e9ouverture des dons, vous permettant de vous joindre \u00e0 nous pour soutenir la communaut\u00e9 artistique.<\/span>[\/vc_column_text][\/vc_column_inner][\/vc_row_inner][\/vc_column][\/vc_row][vc_row full_width=&#8221;stretch_row_content&#8221;][vc_column][vc_row_inner][vc_column_inner width=&#8221;1\/3&#8243;][\/vc_column_inner][vc_column_inner width=&#8221;1\/3&#8243;][\/vc_column_inner][vc_column_inner width=&#8221;1\/3&#8243;][\/vc_column_inner][\/vc_row_inner][vc_row_inner css=&#8221;.vc_custom_1534825446684{padding-top: 3% !important;}&#8221;][vc_column_inner width=&#8221;1\/3&#8243;][\/vc_column_inner][vc_column_inner width=&#8221;1\/3&#8243;][\/vc_column_inner][vc_column_inner width=&#8221;1\/3&#8243;][\/vc_column_inner][\/vc_row_inner][\/vc_column][\/vc_row]<\/p>\n<\/section>","protected":false},"excerpt":{"rendered":"<p>[vc_row][vc_column][vc_row_inner][vc_column_inner][vc_column_text] DONATIONS FERM\u00c9ES Les donations pour le festival sont maintenant ferm\u00e9es. Nous remercions chaleureusement nos contributeurs pour leur g\u00e9n\u00e9reux soutien. Cette ann\u00e9e, les dons ont&#8230;<\/p>\n","protected":false},"author":2,"featured_media":0,"parent":7012,"menu_order":0,"comment_status":"closed","ping_status":"closed","template":"","meta":{"_coblocks_attr":"","_coblocks_dimensions":"","_coblocks_responsive_height":"","_coblocks_accordion_ie_support":"","footnotes":""},"class_list":["post-7016","page","type-page","status-publish","hentry"],"acf":[],"_links":{"self":[{"href":"https:\/\/koreanfilmfestivalcanada.ca\/fr\/wp-json\/wp\/v2\/pages\/7016","targetHints":{"allow":["GET"]}}],"collection":[{"href":"https:\/\/koreanfilmfestivalcanada.ca\/fr\/wp-json\/wp\/v2\/pages"}],"about":[{"href":"https:\/\/koreanfilmfestivalcanada.ca\/fr\/wp-json\/wp\/v2\/types\/page"}],"author":[{"embeddable":true,"href":"https:\/\/koreanfilmfestivalcanada.ca\/fr\/wp-json\/wp\/v2\/users\/2"}],"replies":[{"embeddable":true,"href":"https:\/\/koreanfilmfestivalcanada.ca\/fr\/wp-json\/wp\/v2\/comments?post=7016"}],"version-history":[{"count":3,"href":"https:\/\/koreanfilmfestivalcanada.ca\/fr\/wp-json\/wp\/v2\/pages\/7016\/revisions"}],"predecessor-version":[{"id":10149,"href":"https:\/\/koreanfilmfestivalcanada.ca\/fr\/wp-json\/wp\/v2\/pages\/7016\/revisions\/10149"}],"up":[{"embeddable":true,"href":"https:\/\/koreanfilmfestivalcanada.ca\/fr\/wp-json\/wp\/v2\/pages\/7012"}],"wp:attachment":[{"href":"https:\/\/koreanfilmfestivalcanada.ca\/fr\/wp-json\/wp\/v2\/media?parent=7016"}],"curies":[{"name":"wp","href":"https:\/\/api.w.org\/{rel}","templated":true}]}}