{"id":7005,"date":"2023-03-04T16:19:33","date_gmt":"2023-03-04T21:19:33","guid":{"rendered":"https:\/\/koreanfilmfestivalcanada.ca\/?page_id=7005"},"modified":"2023-07-13T17:33:59","modified_gmt":"2023-07-13T21:33:59","slug":"anciens-membres","status":"publish","type":"page","link":"https:\/\/koreanfilmfestivalcanada.ca\/fr\/a-propos\/l-equipe\/anciens-membres\/","title":{"rendered":"Anciens membres"},"content":{"rendered":"<section class=\"wpb-content-wrapper\"><p>[vc_row][vc_column][vc_column_text]<span style=\"font-family: 'arial black', sans-serif; font-size: 36pt;\"><strong>Merci \u00e0 notre \u00e9quipe de la 9e \u00e9dition ! (jusqu&#8217;en mai 2022)<\/strong><\/span><\/p>\n<p><span style=\"font-family: arial, helvetica, sans-serif; font-size: 14pt;\">Zoe Sarkar, coordinatrice du festival et responsable des m\u00e9dias sociaux <\/span><\/p>\n<p><span style=\"font-family: arial, helvetica, sans-serif; font-size: 14pt;\">Yerin Lee, coordinatrice adjointe <\/span><\/p>\n<p><span style=\"font-family: arial, helvetica, sans-serif; font-size: 14pt;\">Vincent Toi, programmateur commissionn\u00e9 pour la section cin\u00e9ma, Carte Blanche <\/span><\/p>\n<p><span style=\"font-family: arial, helvetica, sans-serif; font-size: 14pt;\">Mathilde Elie, programmatrice de films (stagiaire) <\/span><\/p>\n<p><span style=\"font-family: arial, helvetica, sans-serif; font-size: 14pt;\">Gayeon Song, programmatrice de films (stagiaire) <\/span><\/p>\n<p><span style=\"font-family: arial, helvetica, sans-serif; font-size: 14pt;\">Ana Lucia Londono Flores, coordinatrice des m\u00e9dias de presse<\/span><\/p>\n<p><span style=\"font-family: arial, helvetica, sans-serif; font-size: 14pt;\"> Fanny Lord-Bourcier, graphiste et responsable technique <\/span><\/p>\n<p><span style=\"font-family: arial, helvetica, sans-serif; font-size: 14pt;\">Kenza Chatar, coordinatrice vid\u00e9o et bandes-annonces <\/span><\/p>\n<p><span style=\"font-family: arial, helvetica, sans-serif; font-size: 14pt;\">Seongwoo Jang, assistant responsable des m\u00e9dias sociaux et gestionnaire YouTube <\/span><\/p>\n<p><span style=\"font-family: arial, helvetica, sans-serif; font-size: 14pt;\">Jingjing Li, comptable <\/span><\/p>\n<p><span style=\"font-family: arial, helvetica, sans-serif; font-size: 14pt;\">Anuj Khosla, consultant en comptabilit\u00e9 et en questions juridiques<\/span><\/p>\n<p><span style=\"font-family: arial, helvetica, sans-serif; font-size: 14pt;\"> Joon-Sun Lim, responsable de tourn\u00e9e <\/span><\/p>\n<p><span style=\"font-family: arial, helvetica, sans-serif; font-size: 14pt;\">Sangmin Lee et John Kim, programmeurs de site web <\/span><\/p>\n<p><span style=\"font-family: arial, helvetica, sans-serif; font-size: 14pt;\">Charlotte Dion-Dufourd, graphiste web <\/span><\/p>\n<p><span style=\"font-family: arial, helvetica, sans-serif; font-size: 14pt;\">Christina Lee, animatrice<\/span><\/p>\n<p>&nbsp;<\/p>\n<p><span style=\"font-family: arial, helvetica, sans-serif; font-size: 14pt;\"><strong>Avec la contribution de<\/strong> : <\/span><\/p>\n<p><span style=\"font-family: arial, helvetica, sans-serif; font-size: 14pt;\">Vincent Toi, programmateur commissionn\u00e9 pour Carte Blanche <\/span><\/p>\n<p><span style=\"font-family: arial, helvetica, sans-serif; font-size: 14pt;\">Sangmin Lee, programmeur web et consultant en d\u00e9veloppement technique <\/span><\/p>\n<p><span style=\"font-family: arial, helvetica, sans-serif; font-size: 14pt;\">John Kim, consultant en d\u00e9veloppement technique <\/span><\/p>\n<p><span style=\"font-family: arial, helvetica, sans-serif; font-size: 14pt;\">June Park, strat\u00e8ge de d\u00e9veloppement et conseiller <\/span><\/p>\n<p><span style=\"font-family: arial, helvetica, sans-serif; font-size: 14pt;\">Carolyne Van Der Meer, consultante en communication <\/span><\/p>\n<p><span style=\"font-family: arial, helvetica, sans-serif; font-size: 14pt;\">Anuj Khosla, consultant en comptabilit\u00e9 et en questions juridiques<\/span><\/p>\n<p><span style=\"font-family: arial, helvetica, sans-serif; font-size: 14pt;\"> U-Gyong Choi, consultant pour le blog Naver<\/span><\/p>\n<p>&nbsp;<\/p>\n<p><span style=\"font-family: arial, helvetica, sans-serif; font-size: 14pt;\"><strong>Comit\u00e9 consultatif 2020-2022<\/strong> : <\/span><\/p>\n<p><span style=\"font-family: arial, helvetica, sans-serif; font-size: 14pt;\">Laurence Monnais, professeure et directrice du CETASE \u00e0 l&#8217;Universit\u00e9 de Montr\u00e9al, CANADA <\/span><\/p>\n<p><span style=\"font-family: arial, helvetica, sans-serif; font-size: 14pt;\">Dal Yong Jin, professeur \u00e0 l&#8217;Universit\u00e9 Simon Fraser, CANADA<\/span><\/p>\n<p><span style=\"font-family: arial, helvetica, sans-serif; font-size: 14pt;\"> Youngsup Chung, professeur \u00e9m\u00e9rite de l&#8217;Universit\u00e9 de Montr\u00e9al, CANADA <\/span><\/p>\n<p><span style=\"font-family: arial, helvetica, sans-serif; font-size: 14pt;\">Jacques Desbiens, historien de l&#8217;art et artiste, CANADA <\/span><\/p>\n<p><span style=\"font-family: arial, helvetica, sans-serif; font-size: 14pt;\">Chancheol Jeong, professeur \u00e0 l&#8217;Universit\u00e9 Hankuk des \u00e9tudes \u00e9trang\u00e8res, COR\u00c9E <\/span><\/p>\n<p><span style=\"font-family: arial, helvetica, sans-serif; font-size: 14pt;\">Soyoung Kim, r\u00e9alisatrice de films et professeure \u00e0 l&#8217;Universit\u00e9 nationale des arts de Cor\u00e9e, COR\u00c9E <\/span><\/p>\n<p><span style=\"font-family: arial, helvetica, sans-serif; font-size: 14pt;\">Joon-Dong Lee, producteur de Now Film et directeur du Festival international du film de Jeonju, COR\u00c9E <\/span><\/p>\n<p><span style=\"font-family: arial, helvetica, sans-serif; font-size: 14pt;\">Kwangwoo Noh, professeur en \u00e9tudes cin\u00e9matographiques et m\u00e9diatiques \u00e0 l&#8217;Universit\u00e9 de Cor\u00e9e, COR\u00c9E <\/span><\/p>\n<p><span style=\"font-family: arial, helvetica, sans-serif; font-size: 14pt;\">Jinhee Choi, professeure au King&#8217;s College de Londres, ROYAUME-UNI <\/span><\/p>\n<p><span style=\"font-family: arial, helvetica, sans-serif; font-size: 14pt;\">Adeena Mey, r\u00e9dactrice en chef, Afterall Journal, Central Saint Martins, Universit\u00e9 des arts de Londres, ROYAUME-UNI <\/span><\/p>\n<p><span style=\"font-family: arial, helvetica, sans-serif; font-size: 14pt;\">Frances Gateward, pr\u00e9sidente du d\u00e9partement de communication, de culture et d&#8217;\u00e9tudes m\u00e9diatiques \u00e0 l&#8217;Universit\u00e9 Howard <\/span><\/p>\n<p><span style=\"font-family: arial, helvetica, sans-serif; font-size: 14pt;\">Trevor Mowchun, r\u00e9alisateur de films et professeur \u00e0 l&#8217;Universit\u00e9 de Floride, \u00c9TATS-UNIS <\/span><\/p>\n<p><span style=\"font-family: arial, helvetica, sans-serif; font-size: 14pt;\">Khosro Berahmandi, directeur artistique et de d\u00e9veloppement, Acces Asie, CANADA<\/span><\/p>\n<p>&nbsp;<\/p>\n<p><span style=\"font-family: arial, helvetica, sans-serif; font-size: 14pt;\"><strong>Conseil PEER 2020-2022<\/strong> :<\/span><\/p>\n<p><span style=\"font-family: arial, helvetica, sans-serif; font-size: 14pt;\"> Jeonghyun Hong, charg\u00e9e de cours \u00e0 l&#8217;Universit\u00e9 de Montr\u00e9al<\/span><\/p>\n<p><span style=\"font-family: arial, helvetica, sans-serif; font-size: 14pt;\"> Hyelim Juliana Kim, conseill\u00e8re PUAC \/ directrice du d\u00e9veloppement des affaires chez Mitacs <\/span><\/p>\n<p><span style=\"font-family: arial, helvetica, sans-serif; font-size: 14pt;\">Nam Soo Kwon, charg\u00e9 de cours \u00e0 l&#8217;Universit\u00e9 de Montr\u00e9al <\/span><\/p>\n<p><span style=\"font-family: arial, helvetica, sans-serif; font-size: 14pt;\">Mi-Jeong Lee, artiste et directrice du KFFC <\/span><\/p>\n<p><span style=\"font-family: arial, helvetica, sans-serif; font-size: 14pt;\">Zoe Sarkar, \u00e9crivaine<\/span><\/p>\n<p>&nbsp;<\/p>\n<p><span style=\"font-family: arial, helvetica, sans-serif; font-size: 14pt;\"><strong>Traduction et relecture<\/strong> :<\/span><\/p>\n<p><span style=\"font-family: arial, helvetica, sans-serif; font-size: 14pt;\"> Mathilde Elie, Seongwoo Jang, Lucia Londono Flores, Fanny Lord-Bourcier, Mi-Jeong Lee, Yerin Lee, Zoe Sarkar, Gayeon Song, Jacques Desbiens<\/span><\/p>\n<p>&nbsp;<\/p>\n<p><span style=\"font-family: arial, helvetica, sans-serif; font-size: 14pt;\"><strong>Consultants<\/strong> : <\/span><\/p>\n<p><span style=\"font-family: arial, helvetica, sans-serif; font-size: 14pt;\">Sangmin Lee, programmeur de site web <\/span><\/p>\n<p><span style=\"font-family: arial, helvetica, sans-serif; font-size: 14pt;\">Elyeser R., consultant en d\u00e9veloppement web <\/span><\/p>\n<p><span style=\"font-family: arial, helvetica, sans-serif; font-size: 14pt;\">June Park, consultant, strat\u00e8ge de d\u00e9veloppement et conseiller<\/span><\/p>\n<p><span style=\"font-family: arial, helvetica, sans-serif; font-size: 14pt;\"> Carolyne Van Der Meer, consultante en communications<\/span><\/p>\n<p>&nbsp;<\/p>\n<p><span style=\"font-family: arial, helvetica, sans-serif; font-size: 14pt;\"><strong>Mentors<\/strong> : <\/span><\/p>\n<p><span style=\"font-family: arial, helvetica, sans-serif; font-size: 14pt;\">Marie Boti, mentor pour les droits de l&#8217;homme <\/span><\/p>\n<p><span style=\"font-family: arial, helvetica, sans-serif; font-size: 14pt;\">Elyeser R., mentor pour le d\u00e9veloppement technique <\/span><\/p>\n<p><span style=\"font-family: arial, helvetica, sans-serif; font-size: 14pt;\">Nick Maturo, mentor pour les ressources organisationnelles <\/span><\/p>\n<p><span style=\"font-family: arial, helvetica, sans-serif; font-size: 14pt;\">Iris Sautier, mentor pour l&#8217;art de l&#8217;impression<\/span><\/p>\n<p>&nbsp;<\/p>\n<p><span style=\"font-family: arial, helvetica, sans-serif; font-size: 14pt;\"><strong>Nous remercions nos partenaires, sponsors et collaborateurs<\/strong> :<\/span><\/p>\n<p><span style=\"font-family: arial, helvetica, sans-serif; font-size: 14pt;\"> Conseil des arts du Canada, Archive du film cor\u00e9en (KOFA), Festival international du film de Jeonju (JIFF), Mus\u00e9e McCord, Cin\u00e9ma Public, Casa d&#8217;Italia, Centre d&#8217;\u00e9tudes asiatiques de l&#8217;Universit\u00e9 de Montr\u00e9al (CETASE), FCCCQ, Multi-Monde, CULTURA, Festival Acces Asie, Festival international du film asiatique Reel Asian \u00e0 Toronto, Association \u00e9ducative et culturelle cor\u00e9enne de McGill (MECA), Soci\u00e9t\u00e9 canadienne-asiatique de Concordia (CCAS), Korean Newsweek, Hanca Times, M-LINE Distribution, INDIESTORY, Central Park Films, Korean Independent Animation Filmmakers Association (KIAFA), Group Intervention Video (GIV), Asian Art Publication Lab (AAPLab).<\/span><\/p>\n<p>&nbsp;<\/p>\n<p><span style=\"font-family: arial, helvetica, sans-serif; font-size: 14pt;\"><strong>Remerciements particuliers \u00e0<\/strong> : <\/span><\/p>\n<p><span style=\"font-family: arial, helvetica, sans-serif; font-size: 14pt;\">Bernard Bernier, KIM Youngmi, Masoud Raouf, Cheong-Hoon Kim, Iris Sautier, Sal Eigh, kimura byol lemoine, Jungsoon SON, Sosun Suh, Paul Park<\/span><\/p>\n<p>&nbsp;<\/p>\n<p><span style=\"font-family: arial, helvetica, sans-serif; font-size: 14pt;\"><strong>B\u00e9n\u00e9voles<\/strong> :<\/span><\/p>\n<p><span style=\"font-family: arial, helvetica, sans-serif; font-size: 14pt;\"> Marie Blouin, Juliette Klein, Joon Sun Lim, Paul Park.<\/span><\/p>\n<p>&nbsp;<\/p>\n<p><span style=\"font-family: arial, helvetica, sans-serif; font-size: 14pt;\"><strong>Anciens membres du personnel du KFFC<\/strong> : <\/span><\/p>\n<p><span style=\"font-family: arial, helvetica, sans-serif; font-size: 14pt;\">Asmaa Asry, Laura Baek, Marie Blouin \/ Gong Li, Hyeyoon Cho, U-Gyong Choi, Soo Yeon Cho, Andr\u00e9-Anne C\u00f4t\u00e9, Kathleen Foran, Anne Kim, Florent Lariv\u00e9e, Christina Lee, Nicholas Linh, Val\u00e9rie Paquet, Arwa Shokair, Antoine Quach.<\/span><\/p>\n<p>&nbsp;<\/p>\n<p><span style=\"font-family: arial, helvetica, sans-serif; font-size: 14pt;\"><strong>Anciens membres du comit\u00e9 de direction<\/strong> : <\/span><\/p>\n<p><span style=\"font-family: arial, helvetica, sans-serif; font-size: 14pt;\">Wonchul Kim, Young Chang<\/span><\/p>\n<p>&nbsp;<\/p>\n<p><span style=\"font-family: arial, helvetica, sans-serif; font-size: 14pt;\"><strong>Asian Art Publication Lab (AAPLab)<\/strong> : Mi-Jeong Lee, Bernard Bernier, Shin Dong KIM, Jung Bong CHOI<\/span>[\/vc_column_text][\/vc_column][\/vc_row]<\/p>\n<\/section>","protected":false},"excerpt":{"rendered":"<p>[vc_row][vc_column][vc_column_text]Merci \u00e0 notre \u00e9quipe de la 9e \u00e9dition ! (jusqu&#8217;en mai 2022) Zoe Sarkar, coordinatrice du festival et responsable des m\u00e9dias sociaux Yerin Lee, coordinatrice&#8230;<\/p>\n","protected":false},"author":2,"featured_media":0,"parent":6987,"menu_order":0,"comment_status":"closed","ping_status":"closed","template":"","meta":{"_coblocks_attr":"","_coblocks_dimensions":"","_coblocks_responsive_height":"","_coblocks_accordion_ie_support":"","footnotes":""},"class_list":["post-7005","page","type-page","status-publish","hentry"],"acf":[],"_links":{"self":[{"href":"https:\/\/koreanfilmfestivalcanada.ca\/fr\/wp-json\/wp\/v2\/pages\/7005","targetHints":{"allow":["GET"]}}],"collection":[{"href":"https:\/\/koreanfilmfestivalcanada.ca\/fr\/wp-json\/wp\/v2\/pages"}],"about":[{"href":"https:\/\/koreanfilmfestivalcanada.ca\/fr\/wp-json\/wp\/v2\/types\/page"}],"author":[{"embeddable":true,"href":"https:\/\/koreanfilmfestivalcanada.ca\/fr\/wp-json\/wp\/v2\/users\/2"}],"replies":[{"embeddable":true,"href":"https:\/\/koreanfilmfestivalcanada.ca\/fr\/wp-json\/wp\/v2\/comments?post=7005"}],"version-history":[{"count":2,"href":"https:\/\/koreanfilmfestivalcanada.ca\/fr\/wp-json\/wp\/v2\/pages\/7005\/revisions"}],"predecessor-version":[{"id":12198,"href":"https:\/\/koreanfilmfestivalcanada.ca\/fr\/wp-json\/wp\/v2\/pages\/7005\/revisions\/12198"}],"up":[{"embeddable":true,"href":"https:\/\/koreanfilmfestivalcanada.ca\/fr\/wp-json\/wp\/v2\/pages\/6987"}],"wp:attachment":[{"href":"https:\/\/koreanfilmfestivalcanada.ca\/fr\/wp-json\/wp\/v2\/media?parent=7005"}],"curies":[{"name":"wp","href":"https:\/\/api.w.org\/{rel}","templated":true}]}}