{"id":6947,"date":"2023-03-04T16:15:00","date_gmt":"2023-03-04T21:15:00","guid":{"rendered":"https:\/\/koreanfilmfestivalcanada.ca\/?page_id=6947"},"modified":"2023-07-20T11:58:32","modified_gmt":"2023-07-20T15:58:32","slug":"mandat-et-mission","status":"publish","type":"page","link":"https:\/\/koreanfilmfestivalcanada.ca\/fr\/a-propos\/ffcc\/mandat-et-mission\/","title":{"rendered":"Mandat et mission"},"content":{"rendered":"<section class=\"wpb-content-wrapper\"><p>[vc_row][vc_column][vc_row_inner][vc_column_inner][vc_custom_heading text=&#8221;Where East Meets West&#8221; font_container=&#8221;tag:h2|text_align:center&#8221; use_theme_fonts=&#8221;yes&#8221; heading_style=&#8221;heading_style_15&#8243;][vc_custom_heading text=&#8221;Arts East-West\/KFFC&#8221; font_container=&#8221;tag:h2|text_align:center&#8221; use_theme_fonts=&#8221;yes&#8221; heading_style=&#8221;heading_style_13&#8243; el_class=&#8221;fw-700 lt-spacing-5&#8243; css=&#8221;.vc_custom_1682363361305{margin-top: 10px !important;}&#8221;][\/vc_column_inner][\/vc_row_inner][vc_row_inner][vc_column_inner][vc_column_text el_class=&#8221;secondary-font heading-color&#8221; css=&#8221;.vc_custom_1688589394011{padding-top: 3% !important;padding-right: 10% !important;padding-left: 10% !important;}&#8221;]<\/p>\n<p class=\"p1\" style=\"text-align: center;\"><span style=\"font-family: arial, helvetica, sans-serif; font-size: 14pt;\">Depuis 1996, AEW \u00e9tablit des liens entre l&#8217;Est et l&#8217;Ouest par le biais des arts. En 2023, notre festival c\u00e9l\u00e8bre sa 10e \u00e9dition et les 27 ans de la cr\u00e9ation d&#8217;Arts Est-Ouest. C\u00e9l\u00e9brez notre 10e \u00e9dition du 15 mai au 2 juillet 2023, \u00e0 MONTR\u00c9AL-KINGSTON-VANCOUVER !<\/span><\/p>\n<p>[\/vc_column_text][\/vc_column_inner][\/vc_row_inner][vc_row_inner css=&#8221;.vc_custom_1533614494805{padding-top: 2% !important;}&#8221;][vc_column_inner width=&#8221;1\/12&#8243;][\/vc_column_inner][vc_column_inner width=&#8221;5\/6&#8243;][vc_column_text]<\/p>\n<p style=\"padding-left: 120px;\"><span style=\"font-size: 24pt;\"><strong>MANDAT<\/strong><\/span><\/p>\n<p><span style=\"font-weight: 400; font-family: arial, helvetica, sans-serif; font-size: 14pt;\">Arts Est-Ouest est une organisation d&#8217;arts m\u00e9diatiques canadienne-asiatique \u00e0 but non lucratif bas\u00e9e \u00e0 Montr\u00e9al, au Qu\u00e9bec. Fond\u00e9 en 1996, Arts Est-Ouest fait entendre la voix des artistes asiatiques au Canada, en Cor\u00e9e et dans toute l&#8217;Asie.\u00a0<\/span><\/p>\n<p><span style=\"font-weight: 400; font-family: arial, helvetica, sans-serif; font-size: 14pt;\">Nos principales initiatives de recherche et de cr\u00e9ation comprennent le Festival du Film Cor\u00e9en du Canada (FFCC, 2013), le Laboratoire de Publication d\u2019Art Asiatique (LabPAA, 2020) et la Galerie Est-Ouest (GEO, 2020).\u00a0 Ces initiatives sont orient\u00e9es sur notre devise &#8220;O\u00f9 l\u2019Est Rencontre l\u2019Ouest&#8221;, qui refl\u00e8te notre pr\u00e9sence et notre int\u00e9gration dans le paysage artistique canadien.\u00a0\u00a0<\/span><\/p>\n<p><span style=\"font-weight: 400; font-family: arial, helvetica, sans-serif; font-size: 14pt;\">Nous cr\u00e9ons des environnements s\u00fbrs et attrayants pour les artistes canadiens d&#8217;origine asiatique et leurs cr\u00e9ations dans les domaines du cin\u00e9ma, des nouveaux m\u00e9dias et des arts num\u00e9riques. Nous favorisons des liens \u00e9troits avec les artistes et les communaut\u00e9s locales sans limiter les fronti\u00e8res. Nous soutenons la diversit\u00e9 culturelle en reliant l&#8217;Est et l&#8217;Ouest, et fournissons des installations et des plateformes pour la production, la diffusion et le dialogue. Nous travaillons en trois langues : l&#8217;anglais, le fran\u00e7ais et le cor\u00e9en.<\/span><\/p>\n<p><span style=\"font-weight: 400; font-family: arial, helvetica, sans-serif; font-size: 14pt;\">Arts Est-Ouest s&#8217;efforce d&#8217;accro\u00eetre la visibilit\u00e9 des artistes canadiens d&#8217;origine asiatique travaillant dans l&#8217;industrie du cin\u00e9ma et des arts m\u00e9diatiques.\u00a0 Nous sommes une plaque tournante pour nos artistes, nos universitaires et nos chercheurs, ainsi que pour nos communaut\u00e9s \u00e9largies. Nous nous engageons \u00e0 cr\u00e9er des espaces s\u00fbrs et inclusifs pour la cr\u00e9ation et la collaboration, o\u00f9 les gens sont invit\u00e9s \u00e0 exprimer et \u00e0 partager des voix diverses.\u00a0<\/span><\/p>\n<p><span style=\"font-weight: 400; font-family: arial, helvetica, sans-serif; font-size: 14pt;\">Arts Est-Ouest s&#8217;est d\u00e9velopp\u00e9 organiquement pour devenir une organisation d&#8217;arts m\u00e9diatiques fonctionnant tout au long de l&#8217;ann\u00e9e avec un large \u00e9ventail de projets et d&#8217;activit\u00e9s. Il s&#8217;agit notamment de festivals, de projections de films, d&#8217;expositions de m\u00e9dias num\u00e9riques, de conf\u00e9rences ax\u00e9es sur la diaspora asiatique, de s\u00e9minaires, d&#8217;ateliers, de conf\u00e9rences d&#8217;artistes et de publications scientifiques. Notre site web propose un contenu et des ressources gratuits pour les artistes et le public.\u00a0<\/span><\/p>\n<p style=\"padding-left: 120px;\"><span style=\"font-family: georgia, palatino, serif;\"><strong><span style=\"font-size: 24pt;\">Le FFCC\/Arts Est-Ouest a une triple mission<\/span><\/strong><\/span><\/p>\n<p><span style=\"font-weight: 400; font-family: arial, helvetica, sans-serif; font-size: 14pt;\">Soutenir les arts m\u00e9diatiques canadiens d&#8217;origine asiatique par la cr\u00e9ation d&#8217;initiatives th\u00e9matiques dirig\u00e9es par des artistes et visant \u00e0 favoriser la diversit\u00e9 culturelle au Canada.<\/span><\/p>\n<p><span style=\"font-weight: 400; font-family: arial, helvetica, sans-serif; font-size: 14pt;\">Explorer l&#8217;identit\u00e9 cor\u00e9enne-canadienne et panasiatique-canadienne \u00e0 travers les arts et les m\u00e9dias dans une optique interculturelle et interg\u00e9n\u00e9rationnelle.<\/span><\/p>\n<p><span style=\"font-weight: 400; font-family: arial, helvetica, sans-serif; font-size: 14pt;\">Soutenir les artistes asiatiques-canadiens \u00e9mergents en mettant en valeur les voix marginalis\u00e9es, et exploiter la technologie et les possibilit\u00e9s de discours culturel et artistique, en ligne et en personne, tant au niveau national que mondial.\u00a0\u00a0<\/span>[\/vc_column_text][\/vc_column_inner][vc_column_inner width=&#8221;1\/12&#8243;][\/vc_column_inner][\/vc_row_inner][\/vc_column][\/vc_row][vc_row css=&#8221;.vc_custom_1533614458371{padding-top: 6% !important;padding-bottom: 8% !important;}&#8221;][vc_column][vc_row_inner][vc_column_inner][vc_custom_heading text=&#8221;Since 1996&#8243; use_theme_fonts=&#8221;yes&#8221; heading_style=&#8221;heading_style_5&#8243; pre_heading=&#8221;Where&#8221; hightlight_heading=&#8221;East Meets West&#8221; css=&#8221;.vc_custom_1683996826279{margin-top: 5px !important;padding-bottom: 5% !important;}&#8221;][vc_video link=&#8221;https:\/\/www.youtube.com\/watch?v=zciwD1BFTys&#8221;][\/vc_column_inner][\/vc_row_inner][\/vc_column][\/vc_row]<\/p>\n<\/section>","protected":false},"excerpt":{"rendered":"<p>[vc_row][vc_column][vc_row_inner][vc_column_inner][vc_custom_heading text=&#8221;Where East Meets West&#8221; font_container=&#8221;tag:h2|text_align:center&#8221; use_theme_fonts=&#8221;yes&#8221; heading_style=&#8221;heading_style_15&#8243;][vc_custom_heading text=&#8221;Arts East-West\/KFFC&#8221; font_container=&#8221;tag:h2|text_align:center&#8221; use_theme_fonts=&#8221;yes&#8221; heading_style=&#8221;heading_style_13&#8243; el_class=&#8221;fw-700 lt-spacing-5&#8243; css=&#8221;.vc_custom_1682363361305{margin-top: 10px !important;}&#8221;][\/vc_column_inner][\/vc_row_inner][vc_row_inner][vc_column_inner][vc_column_text el_class=&#8221;secondary-font heading-color&#8221; css=&#8221;.vc_custom_1688589394011{padding-top: 3% !important;padding-right: 10% !important;padding-left:&#8230;<\/p>\n","protected":false},"author":2,"featured_media":0,"parent":6943,"menu_order":0,"comment_status":"closed","ping_status":"closed","template":"","meta":{"_coblocks_attr":"","_coblocks_dimensions":"","_coblocks_responsive_height":"","_coblocks_accordion_ie_support":"","footnotes":""},"class_list":["post-6947","page","type-page","status-publish","hentry"],"acf":[],"_links":{"self":[{"href":"https:\/\/koreanfilmfestivalcanada.ca\/fr\/wp-json\/wp\/v2\/pages\/6947","targetHints":{"allow":["GET"]}}],"collection":[{"href":"https:\/\/koreanfilmfestivalcanada.ca\/fr\/wp-json\/wp\/v2\/pages"}],"about":[{"href":"https:\/\/koreanfilmfestivalcanada.ca\/fr\/wp-json\/wp\/v2\/types\/page"}],"author":[{"embeddable":true,"href":"https:\/\/koreanfilmfestivalcanada.ca\/fr\/wp-json\/wp\/v2\/users\/2"}],"replies":[{"embeddable":true,"href":"https:\/\/koreanfilmfestivalcanada.ca\/fr\/wp-json\/wp\/v2\/comments?post=6947"}],"version-history":[{"count":9,"href":"https:\/\/koreanfilmfestivalcanada.ca\/fr\/wp-json\/wp\/v2\/pages\/6947\/revisions"}],"predecessor-version":[{"id":12266,"href":"https:\/\/koreanfilmfestivalcanada.ca\/fr\/wp-json\/wp\/v2\/pages\/6947\/revisions\/12266"}],"up":[{"embeddable":true,"href":"https:\/\/koreanfilmfestivalcanada.ca\/fr\/wp-json\/wp\/v2\/pages\/6943"}],"wp:attachment":[{"href":"https:\/\/koreanfilmfestivalcanada.ca\/fr\/wp-json\/wp\/v2\/media?parent=6947"}],"curies":[{"name":"wp","href":"https:\/\/api.w.org\/{rel}","templated":true}]}}