{"id":6927,"date":"2023-04-06T15:19:30","date_gmt":"2023-04-06T19:19:30","guid":{"rendered":"https:\/\/koreanfilmfestivalcanada.ca\/?page_id=6927"},"modified":"2023-07-11T18:13:02","modified_gmt":"2023-07-11T22:13:02","slug":"iaew","status":"publish","type":"page","link":"https:\/\/koreanfilmfestivalcanada.ca\/fr\/programmes\/iaew\/","title":{"rendered":"Initiatives Arts Est-Ouest"},"content":{"rendered":"<section class=\"wpb-content-wrapper\"><p>[vc_row css=&#8221;.vc_custom_1680989883912{margin-bottom: 20px !important;}&#8221;][vc_column][vc_column_text]<span style=\"font-family: arial, helvetica, sans-serif; font-size: 14pt;\">L&#8217;Initiative AEW (IAEW) est une action sociale et culturelle visant \u00e0 sensibiliser davantage le public par le biais des arts pour l&#8217;engagement et l&#8217;autonomisation de la communaut\u00e9. Ces interventions sont con\u00e7ues pour \u00eatre r\u00e9alis\u00e9es par et pour la communaut\u00e9, dans le but de cr\u00e9er des exp\u00e9riences significatives et marquantes qui favorisent la sensibilisation sociale et culturelle ainsi qu&#8217;une pr\u00e9paration aux changements \u00e0 venir. En mobilisant le pouvoir des arts, l&#8217;Initiative Arts East-West vise \u00e0 inspirer les individus \u00e0 jouer un r\u00f4le actif dans la transformation de leurs communaut\u00e9s, tout en favorisant un sentiment plus fort d&#8217;appartenance et de connexion. Gr\u00e2ce \u00e0 cette initiative, Arts East-West et le KFFC continuent de cr\u00e9er une soci\u00e9t\u00e9 vibrante et inclusive qui c\u00e9l\u00e8bre la diversit\u00e9 et la cr\u00e9ativit\u00e9 de tous ses membres.<\/span><\/p>\n<p><strong><span style=\"font-family: arial, helvetica, sans-serif; font-size: 14pt;\">JOURN\u00c9E DES ARTS-COR\u00c9ENS<\/span><\/strong><\/p>\n<p><span style=\"font-family: arial, helvetica, sans-serif; font-size: 14pt;\">Le KFFC est fier de d\u00e9clarer le 18 mai comme &#8220;Journ\u00e9e des Arts-Cor\u00e9ens&#8221;. Cela s&#8217;inscrit dans la comm\u00e9moration des luttes de l&#8217;Insurrection d\u00e9mocratique qui ont \u00e9clat\u00e9 le 18 mai en Cor\u00e9e (1980), en l&#8217;honneur des courageux civils cor\u00e9ens qui ont donn\u00e9 leur vie pour la d\u00e9mocratie en Cor\u00e9e en d\u00e9fiant la dictature militaire.<\/span><\/p>\n<p><span style=\"font-family: arial, helvetica, sans-serif; font-size: 14pt;\">La protestation pacifique connue sous le nom d&#8217;Insurrection du 18 mai a marqu\u00e9 un moment cl\u00e9 de l&#8217;histoire de la Cor\u00e9e du Sud, car elle a d\u00e9fi\u00e9 la dictature militaire et a \u00e9t\u00e9 violemment r\u00e9prim\u00e9e par les forces gouvernementales. Malgr\u00e9 la trag\u00e9die, cet \u00e9v\u00e9nement repr\u00e9sentait l&#8217;engagement r\u00e9solu du peuple sud-cor\u00e9en \u00e0 lutter pour la d\u00e9mocratie et les droits de l&#8217;homme, ouvrant finalement la voie \u00e0 la d\u00e9mocratisation. Comm\u00e9morer et c\u00e9l\u00e9brer cette journ\u00e9e importante \u00e0 travers les arts est essentiel pour honorer les sacrifices consentis par ceux qui ont combattu pour la d\u00e9mocratie et inspirer les g\u00e9n\u00e9rations futures \u00e0 perp\u00e9tuer leur h\u00e9ritage. Cela repr\u00e9sente la force du peuple et son d\u00e9sir de libert\u00e9 et de d\u00e9mocratie.<\/span>[\/vc_column_text][vc_single_image image=&#8221;11897&#8243; img_size=&#8221;large&#8221; alignment=&#8221;center&#8221;][vc_column_text]<strong><span style=\"font-family: arial, helvetica, sans-serif; font-size: 14pt;\">STATUE DE LA PAIX<\/span><\/strong><\/p>\n<p><span style=\"font-family: arial, helvetica, sans-serif; font-size: 14pt;\">&#8220;La Statue de la Fille de la Paix&#8221; par Kim Seo-Kyung et Kim Eun-Sung. Huile sur polyester renforc\u00e9 de fibre de verre (FRP) et poudre de pierre. 160 x 180 x 125 cm (la statue originale en bronze, 2011).<\/span><\/p>\n<p><span style=\"font-family: arial, helvetica, sans-serif; font-size: 14pt;\">Le KFFC10 a pr\u00e9sent\u00e9 la sculpture &#8220;La Statue de la Fille de la Paix&#8221; de Kim Seo-Kyung et Kim Eun-Sung au mus\u00e9e McCord Stewart, en collaboration avec Min Sook Lee, professeur \u00e0 l&#8217;OCAD et r\u00e9alisatrice. Cette importante installation artistique, expos\u00e9e \u00e0 Montr\u00e9al dans le cadre de sa tourn\u00e9e nationale, a \u00e9t\u00e9 pr\u00e9sent\u00e9e lors de la 10e \u00e9dition du FFCC les 26, 27 mai et 4 juin. Aux c\u00f4t\u00e9s de la sculpture, une projection du film &#8220;COMFORT&#8221; d&#8217;Emmanuel Moonchill Park a \u00e9t\u00e9 pr\u00e9sent\u00e9e.<\/span><\/p>\n<p><span style=\"font-family: arial, helvetica, sans-serif; font-size: 14pt;\">Pendant l&#8217;exposition, les visiteurs \u00e9taient invit\u00e9s \u00e0 s&#8217;asseoir \u00e0 c\u00f4t\u00e9 de la statue et \u00e0 prendre des photos m\u00e9morables. En partageant ces images sur les r\u00e9seaux sociaux avec les hashtags #statueofpeace et #justiceforcomfortwomen, les participants ont jou\u00e9 un r\u00f4le crucial dans la sensibilisation au sujet des &#8220;femmes de r\u00e9confort&#8221; pendant la Seconde Guerre mondiale. Nous vous encourageons \u00e0 vous instruire \u00e0 ce propos puisqu&#8217;il aborde une partie de l&#8217;histoire peu connu.\u00a0<\/span><\/p>\n<p><span style=\"font-family: arial, helvetica, sans-serif; font-size: 14pt;\">Pendant la Seconde Guerre mondiale, l&#8217;arm\u00e9e japonaise a enlev\u00e9 environ 200 000 filles et femmes de toute la r\u00e9gion Asie-Pacifique, appel\u00e9es euph\u00e9miquement &#8220;femmes de r\u00e9confort&#8221;, et les a forc\u00e9es \u00e0 l&#8217;esclavage sexuel. En 2011, des artistes ont install\u00e9 la &#8220;Statue de la Paix&#8221; en bronze, cr\u00e9\u00e9e \u00e0 l&#8217;occasion de la 1000e manifestation des &#8220;manifestations du mercredi&#8221; devant l&#8217;ambassade japonaise, o\u00f9 elle se trouve encore aujourd&#8217;hui.<\/span><\/p>\n<p><span style=\"font-family: arial, helvetica, sans-serif; font-size: 14pt;\">La chaise vide \u00e0 c\u00f4t\u00e9 de la statue invite le public \u00e0 s&#8217;asseoir \u00e0 c\u00f4t\u00e9 de cette femme et \u00e0 soutenir la demande de r\u00e9paration pour les &#8220;femmes de r\u00e9confort&#8221;.<\/span><\/p>\n<p><span style=\"font-family: arial, helvetica, sans-serif; font-size: 14pt;\">Le travail des artistes aborde les histoires r\u00e9prim\u00e9es et l&#8217;injustice sociale. Le travail de Kim Eun-Sung met en \u00e9vidence l&#8217;ali\u00e9nation humaine, et le travail de Kim Seo-Kyung repr\u00e9sente les aspects fragment\u00e9s de la vie humaine et le bonheur quotidien. L&#8217;empathie est un th\u00e8me central dans toutes leurs \u0153uvres. Il s&#8217;agit d&#8217;une continuation du projet d&#8217;art d&#8217;installation de notre fondatrice du festival et directrice artistique, Mi Jeong Lee, en 2019, &#8220;La Chaise \/ The Chair: No Wars No Comfort Women&#8221;, command\u00e9e par l&#8217;International Women&#8217;s Alliance.<\/span>[\/vc_column_text][vc_single_image image=&#8221;11901&#8243; img_size=&#8221;large&#8221; alignment=&#8221;center&#8221;][\/vc_column][\/vc_row]<\/p>\n<\/section>","protected":false},"excerpt":{"rendered":"<p>[vc_row css=&#8221;.vc_custom_1680989883912{margin-bottom: 20px !important;}&#8221;][vc_column][vc_column_text]L&#8217;Initiative AEW (IAEW) est une action sociale et culturelle visant \u00e0 sensibiliser davantage le public par le biais des arts pour l&#8217;engagement&#8230;<\/p>\n","protected":false},"author":2,"featured_media":0,"parent":6892,"menu_order":0,"comment_status":"closed","ping_status":"closed","template":"","meta":{"_coblocks_attr":"","_coblocks_dimensions":"","_coblocks_responsive_height":"","_coblocks_accordion_ie_support":"","footnotes":""},"class_list":["post-6927","page","type-page","status-publish","hentry"],"acf":[],"_links":{"self":[{"href":"https:\/\/koreanfilmfestivalcanada.ca\/fr\/wp-json\/wp\/v2\/pages\/6927","targetHints":{"allow":["GET"]}}],"collection":[{"href":"https:\/\/koreanfilmfestivalcanada.ca\/fr\/wp-json\/wp\/v2\/pages"}],"about":[{"href":"https:\/\/koreanfilmfestivalcanada.ca\/fr\/wp-json\/wp\/v2\/types\/page"}],"author":[{"embeddable":true,"href":"https:\/\/koreanfilmfestivalcanada.ca\/fr\/wp-json\/wp\/v2\/users\/2"}],"replies":[{"embeddable":true,"href":"https:\/\/koreanfilmfestivalcanada.ca\/fr\/wp-json\/wp\/v2\/comments?post=6927"}],"version-history":[{"count":9,"href":"https:\/\/koreanfilmfestivalcanada.ca\/fr\/wp-json\/wp\/v2\/pages\/6927\/revisions"}],"predecessor-version":[{"id":11904,"href":"https:\/\/koreanfilmfestivalcanada.ca\/fr\/wp-json\/wp\/v2\/pages\/6927\/revisions\/11904"}],"up":[{"embeddable":true,"href":"https:\/\/koreanfilmfestivalcanada.ca\/fr\/wp-json\/wp\/v2\/pages\/6892"}],"wp:attachment":[{"href":"https:\/\/koreanfilmfestivalcanada.ca\/fr\/wp-json\/wp\/v2\/media?parent=6927"}],"curies":[{"name":"wp","href":"https:\/\/api.w.org\/{rel}","templated":true}]}}