{"id":6899,"date":"2023-03-04T16:11:52","date_gmt":"2023-03-04T21:11:52","guid":{"rendered":"https:\/\/koreanfilmfestivalcanada.ca\/?page_id=6899"},"modified":"2023-07-04T15:21:25","modified_gmt":"2023-07-04T19:21:25","slug":"benevolat","status":"publish","type":"page","link":"https:\/\/koreanfilmfestivalcanada.ca\/fr\/programmes\/benevolat\/","title":{"rendered":"B\u00e9n\u00e9volat"},"content":{"rendered":"<section class=\"wpb-content-wrapper\"><p>[vc_row][vc_column][vc_custom_heading source=&#8221;post_title&#8221; font_container=&#8221;tag:h3|font_size:34px|text_align:left|color:%23333333&#8243; google_fonts=&#8221;font_family:Playfair%20Display%3Aregular%2Citalic%2C700%2C700italic%2C900%2C900italic|font_style:400%20regular%3A400%3Anormal&#8221;][\/vc_column][\/vc_row][vc_row][vc_column][vc_single_image image=&#8221;5805&#8243; img_size=&#8221;large&#8221;][\/vc_column][\/vc_row][vc_row][vc_column][vc_column_text]<strong><span style=\"font-size: 24pt; font-family: 'arial black', sans-serif;\"><em>*Les postes de b\u00e9n\u00e9voles sont actuellement ferm\u00e9s*<\/em><\/span><\/strong><\/p>\n<p><span style=\"font-family: arial, helvetica, sans-serif; font-size: 14pt;\">Vous vous int\u00e9ressez au cin\u00e9ma et \u00e0 la culture asiatique et souhaitez nous aider \u00e0 concr\u00e9tiser nos festivals, projections et ateliers ? En rejoignant notre \u00e9quipe, vous ferez partie d&#8217;une \u00e9quipe multiculturelle, dynamique et stimulante qui construit et d\u00e9veloppe les voix des communaut\u00e9s diverses de Montr\u00e9al.<\/span><\/p>\n<p><span style=\"font-family: arial, helvetica, sans-serif; font-size: 14pt;\">Le KFFC recherche toujours du soutien pour les projets du festival de diff\u00e9rentes mani\u00e8res, telles que l&#8217;assistance \u00e0 la promotion, l&#8217;installation des lieux, l&#8217;affichage, l&#8217;accueil, etc. En remerciement de votre aide, vous recevrez un pass festival gratuit, des articles du festival et de nombreuses occasions de r\u00e9seautage avec de grands artistes et r\u00e9alisateurs ! Un certificat de b\u00e9n\u00e9volat sur demande vous sera fourni.<\/span>[\/vc_column_text][\/vc_column][\/vc_row]<\/p>\n<\/section>","protected":false},"excerpt":{"rendered":"<p>[vc_row][vc_column][vc_custom_heading source=&#8221;post_title&#8221; font_container=&#8221;tag:h3|font_size:34px|text_align:left|color:%23333333&#8243; google_fonts=&#8221;font_family:Playfair%20Display%3Aregular%2Citalic%2C700%2C700italic%2C900%2C900italic|font_style:400%20regular%3A400%3Anormal&#8221;][\/vc_column][\/vc_row][vc_row][vc_column][vc_single_image image=&#8221;5805&#8243; img_size=&#8221;large&#8221;][\/vc_column][\/vc_row][vc_row][vc_column][vc_column_text]*Les postes de b\u00e9n\u00e9voles sont actuellement ferm\u00e9s* Vous vous int\u00e9ressez au cin\u00e9ma et \u00e0 la culture asiatique et souhaitez nous&#8230;<\/p>\n","protected":false},"author":2,"featured_media":0,"parent":6892,"menu_order":0,"comment_status":"closed","ping_status":"closed","template":"","meta":{"_coblocks_attr":"","_coblocks_dimensions":"","_coblocks_responsive_height":"","_coblocks_accordion_ie_support":"","footnotes":""},"class_list":["post-6899","page","type-page","status-publish","hentry"],"acf":[],"_links":{"self":[{"href":"https:\/\/koreanfilmfestivalcanada.ca\/fr\/wp-json\/wp\/v2\/pages\/6899","targetHints":{"allow":["GET"]}}],"collection":[{"href":"https:\/\/koreanfilmfestivalcanada.ca\/fr\/wp-json\/wp\/v2\/pages"}],"about":[{"href":"https:\/\/koreanfilmfestivalcanada.ca\/fr\/wp-json\/wp\/v2\/types\/page"}],"author":[{"embeddable":true,"href":"https:\/\/koreanfilmfestivalcanada.ca\/fr\/wp-json\/wp\/v2\/users\/2"}],"replies":[{"embeddable":true,"href":"https:\/\/koreanfilmfestivalcanada.ca\/fr\/wp-json\/wp\/v2\/comments?post=6899"}],"version-history":[{"count":4,"href":"https:\/\/koreanfilmfestivalcanada.ca\/fr\/wp-json\/wp\/v2\/pages\/6899\/revisions"}],"predecessor-version":[{"id":10382,"href":"https:\/\/koreanfilmfestivalcanada.ca\/fr\/wp-json\/wp\/v2\/pages\/6899\/revisions\/10382"}],"up":[{"embeddable":true,"href":"https:\/\/koreanfilmfestivalcanada.ca\/fr\/wp-json\/wp\/v2\/pages\/6892"}],"wp:attachment":[{"href":"https:\/\/koreanfilmfestivalcanada.ca\/fr\/wp-json\/wp\/v2\/media?parent=6899"}],"curies":[{"name":"wp","href":"https:\/\/api.w.org\/{rel}","templated":true}]}}