{"id":6865,"date":"2023-03-04T16:08:18","date_gmt":"2023-03-04T21:08:18","guid":{"rendered":"https:\/\/koreanfilmfestivalcanada.ca\/?page_id=6865"},"modified":"2023-07-13T17:50:58","modified_gmt":"2023-07-13T21:50:58","slug":"labpaa","status":"publish","type":"page","link":"https:\/\/koreanfilmfestivalcanada.ca\/fr\/labpaa\/","title":{"rendered":"\u00c0 propos du LabPAA"},"content":{"rendered":"<section class=\"wpb-content-wrapper\"><p>[vc_row][vc_column][vc_column_text]<span style=\"font-size: 18pt;\"><strong><span style=\"font-family: arial, helvetica, sans-serif;\">\u00c0 propos de l&#8217;APPlab<\/span><\/strong><\/span><\/p>\n<p><span style=\"font-family: arial, helvetica, sans-serif; font-size: 14pt;\">Asian Art Publication Lab (AAPLab) est une organisation regroupant des chercheurs et des cr\u00e9ateurs sp\u00e9cialis\u00e9s dans les arts visuels et m\u00e9diatiques asiatiques, situ\u00e9e \u00e0 Montr\u00e9al, Qu\u00e9bec, Canada. AAPLab sert de plateforme pour engager et collaborer avec un r\u00e9seau d&#8217;artistes et de chercheurs \u00e9mergents et \u00e9tablis, dans un environnement d&#8217;exp\u00e9rimentation et d&#8217;interdisciplinarit\u00e9. \u00c0 travers ce collectif, nous nous effor\u00e7ons de cr\u00e9er une communaut\u00e9 fond\u00e9e sur l&#8217;inclusivit\u00e9 et la d\u00e9colonisation \u00e0 travers un dialogue critique.<\/span><\/p>\n<p><span style=\"font-family: arial, helvetica, sans-serif; font-size: 14pt;\">AAPLab est un groupe collectif d&#8217;artistes, de chercheurs et d&#8217;universitaires (locaux et internationaux) qui encourage les collaborations entre les communaut\u00e9s et les universit\u00e9s. Depuis sa cr\u00e9ation en 2020, AAPLab a \u00e9t\u00e9 model\u00e9 sous l&#8217;\u00e9gide d&#8217;Arts Est-Ouest \/ Festival du Film Cor\u00e9en au Canada (FFCC). Par la suite, il est devenu un collectif dynamique qui englobe \u00e0 la fois les domaines en ligne et hors ligne des arts asiatiques et de la diaspora asiatique. Cette plateforme s&#8217;engage \u00e0 travers divers moyens tels que des symposiums, des conf\u00e9rences, des projections de films, des tables rondes et un groupe de lecture et de discussion. Dans cette optique, le premier projet d&#8217;initiative de l&#8217;AAPLab en ligne avec le KFFC est ART-Talks, est lanc\u00e9 en 2020, il pr\u00e9sente de nouvelles formes d&#8217;essais et de projets en ligne divers et appelle \u00e0 la participation du public \u00e0 travers le club de lecture de la diaspora asiatique 2022 et le symposium sur les r\u00e9cits de la diaspora asiatique 2023. Le premier th\u00e8me de ART-Talks \u00e9tait &#8220;Revisiter le cin\u00e9ma de la Nouvelle Vague cor\u00e9enne \u00e0 travers la perspective des femmes&#8221; de 2020 \u00e0 2021 : chaque th\u00e8me est d\u00e9velopp\u00e9 sur une dur\u00e9e de deux ans afin d&#8217;approfondir la recherche et la cr\u00e9ation sur le sujet choisi. Ensuite, nous avons suivi notre th\u00e8me actuel, &#8220;Les arts asiatiques : un environnement de r\u00e9silience et de durabilit\u00e9&#8221; de 2022 \u00e0 2023 : le th\u00e8me de l&#8217;AAPLab est toujours en ligne <\/span><span style=\"font-family: arial, helvetica, sans-serif; font-size: 14pt;\">et offre des perspectives \u00e9tendues et approfondies qui explorent et revisitent les arts canado-asiatiques au Canada et au-del\u00e0.<\/span><\/p>\n<p><span style=\"font-family: arial, helvetica, sans-serif; font-size: 14pt;\">L&#8217;AAPLab et le KFFC invitent les artistes, les passionn\u00e9s et les experts de la culture et du patrimoine asiatiques, de la politique et de la p\u00e9dagogie des m\u00e9dias, du genre et de la sexualit\u00e9, de la performance, de la curation et de la publication \u00e0 entamer un dialogue sur leur pratique.<\/span><\/p>\n<p><span style=\"font-family: arial, helvetica, sans-serif; font-size: 14pt;\">L&#8217;AAPLab organise une s\u00e9rie de projections num\u00e9riques et en personne, de webinaires, de conf\u00e9rences et de forums destin\u00e9s \u00e0 un large public, notamment des artistes et chercheurs interdisciplinaires, des experts du cin\u00e9ma, des professionnels, des \u00e9tudiants et toute personne int\u00e9ress\u00e9e par l&#8217;exploration des arts asiatiques. Nous nous effor\u00e7ons de cr\u00e9er un espace o\u00f9 les participants peuvent partager leur compr\u00e9hension, leurs connaissances, leur vision et leur pratique cr\u00e9ative.<\/span>[\/vc_column_text][vc_single_image image=&#8221;11848&#8243; alignment=&#8221;center&#8221;][vc_column_text]<strong><span style=\"font-family: arial, helvetica, sans-serif; font-size: 14pt;\">Les composantes de l&#8217;AAPLab<\/span><\/strong><\/p>\n<p><span style=\"font-family: arial, helvetica, sans-serif; font-size: 14pt;\"><span style=\"text-decoration: underline;\">ART-Talks:<\/span> une conf\u00e9rence multim\u00e9dia qui invite des artistes, des chercheurs, des commissaires d&#8217;exposition et d&#8217;autres personnes \u00e0 discuter des \u0153uvres d&#8217;art m\u00e9diatiques asiatiques. Les \u00e9ditions pass\u00e9es en 2020-2022 ont \u00e9t\u00e9 organis\u00e9es uniquement en ligne en raison de la pand\u00e9mie. Puis la troisi\u00e8me \u00e9dition en 2023, dans le cadre du Symposium international sur la diaspora asiatique et les r\u00e9cits de migration et du KFFC 10, ART-Talks a enfin pris corps \u00e0 la fois sur place au Mus\u00e9e Stewart McCord et au Dazibo, et en ligne sur <span style=\"color: #3366ff;\"><a style=\"color: #3366ff;\" href=\"https:\/\/www.youtube.com\/playlist?list=PLSu5yce6cF9pI8ForFWzbNoc3HpYXXdGo\">notre plateforme ART-Talks.<\/a><\/span><\/span>[\/vc_column_text][vc_single_image image=&#8221;11851&#8243; img_size=&#8221;large&#8221; alignment=&#8221;center&#8221;][vc_column_text]<strong><span style=\"font-family: arial, helvetica, sans-serif; font-size: 14pt;\">Symposium international sur les r\u00e9cits de la diaspora asiatique et de la migration :<\/span><\/strong><\/p>\n<p><span style=\"font-family: arial, helvetica, sans-serif; font-size: 14pt;\">L&#8217;Asian Art Publication Lab a accueilli son tout premier &#8220;Symposium international sur les r\u00e9cits de la diaspora asiatique et de la migration&#8221; au d\u00e9but de l&#8217;ann\u00e9e 2023, un \u00e9v\u00e9nement remarquable qui a c\u00e9l\u00e9br\u00e9 la richesse et la diversit\u00e9 des arts asiatiques tout en mettant en lumi\u00e8re les exp\u00e9riences complexes de la diaspora asiatique. Ce symposium, r\u00e9alis\u00e9 sous un format hybride, a r\u00e9uni des passionn\u00e9s de la culture asiatique issus de tous les horizons, favorisant un sentiment d&#8217;unit\u00e9 et approfondissant notre compr\u00e9hension du patrimoine asiatique. Sa mission \u00e9tait de briser les barri\u00e8res existantes et de renforcer les communaut\u00e9s de la diaspora asiatique au Qu\u00e9bec et au-del\u00e0.<\/span><\/p>\n<p><span style=\"font-family: arial, helvetica, sans-serif; font-size: 14pt;\">Parmi les films projet\u00e9s figuraient &#8220;\u00catre Chinois au Qu\u00e9bec&#8221;, &#8220;Tiger Spirit&#8221;, &#8220;Moving the Mountain&#8221; et &#8220;SHOWPAO : the Filipinx-Montrealer Experience&#8221;. Ces films offraient des perspectives et des r\u00e9cits uniques, plongeant les participants dans une narration puissante qui suscitait de fortes \u00e9motions et provoquait l&#8217;introspection. L&#8217;inclusion des perspectives des femmes dans &#8220;Tiger Spirit&#8221; ajoutait une dimension nouvelle et captivante, tandis qu&#8217; &#8220;\u00catre Chinois au Qu\u00e9bec&#8221; touchait par sa repr\u00e9sentation authentique de l&#8217;exp\u00e9rience des immigrants chinois au Qu\u00e9bec.<\/span><\/p>\n<p><span style=\"font-family: arial, helvetica, sans-serif; font-size: 14pt;\">Au-del\u00e0 des projections traditionnelles, le symposium offrait une plateforme interactive permettant aux participants de participer \u00e0 des discussions dynamiques et \u00e0 des sessions de questions-r\u00e9ponses avec les cin\u00e9astes. Ces opportunit\u00e9s permettaient une exploration plus approfondie des th\u00e8mes des films, favorisant des conversations significatives et un fort sentiment de communaut\u00e9 parmi tous les participants.<\/span><\/p>\n<p><span style=\"font-family: arial, helvetica, sans-serif; font-size: 14pt;\">En plus des projections de films enrichissantes et des discussions, le symposium proposait des panels informatifs &#8220;ART-Talks&#8221; en ligne sur Zoom, r\u00e9unissant des artistes et des activistes asiatiques. Ces panels offraient des perspectives diverses sur diff\u00e9rents aspects de la diaspora asiatique et de la migration. Les participants avaient la possibilit\u00e9 d&#8217;\u00e9changer des id\u00e9es, de partager leurs points de vue et d&#8217;envisager collectivement des moyens de favoriser l&#8217;inclusion, de renforcer le patrimoine culturel et de promouvoir la solidarit\u00e9 au sein des communaut\u00e9s de la diaspora asiatique.<\/span><\/p>\n<p><span style=\"font-family: arial, helvetica, sans-serif; font-size: 14pt;\">Pour ajouter une touche d\u00e9licieuse au symposium, la s\u00e9rie d&#8217;\u00e9v\u00e9nements publics gratuits &#8220;Asian Spice-Up!&#8221; c\u00e9l\u00e9brait les traditions culinaires de l&#8217;Asie. Les participants ont pu d\u00e9couvrir la richesse de la cuisine asiatique gr\u00e2ce \u00e0 des s\u00e9ances de cuisine interactives et des visites dans les \u00e9piceries asiatiques locales de Montr\u00e9al. Ces \u00e9v\u00e9nements ont non seulement titill\u00e9 les papilles gustatives, mais ont \u00e9galement mis en valeur le r\u00f4le essentiel de la nourriture dans la pr\u00e9servation du patrimoine culturel et la cr\u00e9ation d&#8217;un sentiment de communaut\u00e9.<\/span><\/p>\n<p><span style=\"font-family: arial, helvetica, sans-serif; font-size: 14pt;\">Le Symposium international sur les r\u00e9cits de la diaspora asiatique et de la migration a \u00e9t\u00e9 un succ\u00e8s retentissant, offrant une plateforme d&#8217;\u00e9change interculturel, de c\u00e9l\u00e9bration et de r\u00e9flexion.<\/span><\/p>\n<p><span style=\"font-family: arial, helvetica, sans-serif; font-size: 14pt;\">Au revoir \u00e0 ce projet remarquable, nous exprimons notre gratitude sinc\u00e8re \u00e0 ceux qui ont particip\u00e9 au symposium ! Nous attendons avec impatience de futures initiatives qui continueront \u00e0 amplifier les voix asiatiques, \u00e0 promouvoir la diversit\u00e9 culturelle et \u00e0 renforcer les liens entre les communaut\u00e9s.<\/span><\/p>\n<p><span style=\"font-family: arial, helvetica, sans-serif; font-size: 14pt;\"><span style=\"text-decoration: underline;\">Conf\u00e9rence:<\/span> L&#8217;AAPLab a organis\u00e9 la Conf\u00e9rence sur le cin\u00e9ma des femmes sud-cor\u00e9ennes en 2021. Cet \u00e9v\u00e9nement prestigieux de trois jours a servi de plateforme aux chercheurs, cin\u00e9astes et passionn\u00e9s pour se r\u00e9unir et explorer les riches contributions des femmes dans le cin\u00e9ma cor\u00e9en. Avec une gamme vari\u00e9e de panels captivants, de discours d&#8217;ouverture stimulants, de mises en lumi\u00e8re de r\u00e9alisatrices et d&#8217;ateliers interactifs, la conf\u00e9rence a c\u00e9l\u00e9br\u00e9 les r\u00e9alisations des femmes dans l&#8217;industrie cin\u00e9matographique et a offert un espace pour des discussions significatives et une exploration de leur travail. La Conf\u00e9rence sur le cin\u00e9ma des femmes sud-cor\u00e9ennes a v\u00e9ritablement incarn\u00e9 l&#8217;esprit de collaboration, d&#8217;innovation et d&#8217;appr\u00e9ciation des r\u00e9alisations remarquables des femmes dans le cin\u00e9ma cor\u00e9en.<\/span><\/p>\n<p><span style=\"font-family: arial, helvetica, sans-serif; font-size: 14pt;\"><span style=\"text-decoration: underline;\">Publication:<\/span> nous publions et traduisons des livres, des essais, des \u0153uvres d&#8217;art et d&#8217;autres contenus sur les arts asiatiques canadiens et asiatiques en ligne. Dans le but d&#8217;accro\u00eetre l&#8217;accessibilit\u00e9 et le dialogue, nous esp\u00e9rons introduire des services de traduction dans le cadre de notre travail.<\/span><\/p>\n<p><span style=\"text-decoration: underline;\"><span style=\"font-family: arial, helvetica, sans-serif; font-size: 14pt;\">Programme de r\u00e9sidence<\/span><\/span><span style=\"font-family: arial, helvetica, sans-serif; font-size: 14pt;\"><span style=\"text-decoration: underline;\">:<\/span> Ce projet est en d\u00e9veloppement. Notre objectif est de proposer \u00e0 terme une r\u00e9sidence dans la ville de Montr\u00e9al, QC, dans l&#8217;esprit de notre \u00e9thique : cr\u00e9er des conversations entre l&#8217;Est et l&#8217;Ouest.<\/span>[\/vc_column_text][\/vc_column][\/vc_row]<\/p>\n<\/section>","protected":false},"excerpt":{"rendered":"<p>[vc_row][vc_column][vc_column_text]\u00c0 propos de l&#8217;APPlab Asian Art Publication Lab (AAPLab) est une organisation regroupant des chercheurs et des cr\u00e9ateurs sp\u00e9cialis\u00e9s dans les arts visuels et m\u00e9diatiques&#8230;<\/p>\n","protected":false},"author":2,"featured_media":0,"parent":0,"menu_order":0,"comment_status":"closed","ping_status":"closed","template":"","meta":{"_coblocks_attr":"","_coblocks_dimensions":"","_coblocks_responsive_height":"","_coblocks_accordion_ie_support":"","footnotes":""},"class_list":["post-6865","page","type-page","status-publish","hentry"],"acf":[],"_links":{"self":[{"href":"https:\/\/koreanfilmfestivalcanada.ca\/fr\/wp-json\/wp\/v2\/pages\/6865","targetHints":{"allow":["GET"]}}],"collection":[{"href":"https:\/\/koreanfilmfestivalcanada.ca\/fr\/wp-json\/wp\/v2\/pages"}],"about":[{"href":"https:\/\/koreanfilmfestivalcanada.ca\/fr\/wp-json\/wp\/v2\/types\/page"}],"author":[{"embeddable":true,"href":"https:\/\/koreanfilmfestivalcanada.ca\/fr\/wp-json\/wp\/v2\/users\/2"}],"replies":[{"embeddable":true,"href":"https:\/\/koreanfilmfestivalcanada.ca\/fr\/wp-json\/wp\/v2\/comments?post=6865"}],"version-history":[{"count":4,"href":"https:\/\/koreanfilmfestivalcanada.ca\/fr\/wp-json\/wp\/v2\/pages\/6865\/revisions"}],"predecessor-version":[{"id":12203,"href":"https:\/\/koreanfilmfestivalcanada.ca\/fr\/wp-json\/wp\/v2\/pages\/6865\/revisions\/12203"}],"wp:attachment":[{"href":"https:\/\/koreanfilmfestivalcanada.ca\/fr\/wp-json\/wp\/v2\/media?parent=6865"}],"curies":[{"name":"wp","href":"https:\/\/api.w.org\/{rel}","templated":true}]}}