{"id":12178,"date":"2023-07-13T15:39:26","date_gmt":"2023-07-13T19:39:26","guid":{"rendered":"https:\/\/koreanfilmfestivalcanada.ca\/?page_id=12178"},"modified":"2023-07-20T12:05:52","modified_gmt":"2023-07-20T16:05:52","slug":"histoire-3","status":"publish","type":"page","link":"https:\/\/koreanfilmfestivalcanada.ca\/fr\/a-propos\/ffcc\/histoire-3\/","title":{"rendered":"Histoire"},"content":{"rendered":"<section class=\"wpb-content-wrapper\"><p>[vc_row full_width=&#8221;stretch_row&#8221; css=&#8221;.vc_custom_1682285569725{padding-top: 25% !important;padding-bottom: 25% !important;background-image: url(https:\/\/koreanfilmfestivalcanada.ca\/wp-content\/uploads\/2023\/04\/Crowd-above-2-scaled.jpg?id=6215) !important;background-position: center !important;background-repeat: no-repeat !important;background-size: cover !important;}&#8221;][vc_column][vc_row_inner css=&#8221;.vc_custom_1533605090329{padding-top: 2% !important;}&#8221;][vc_column_inner][vc_custom_heading text=&#8221;since 1996&#8243; font_container=&#8221;tag:h2|text_align:center&#8221; use_theme_fonts=&#8221;yes&#8221; heading_style=&#8221;heading_style_6&#8243; pre_heading=&#8221;Where&#8221; hightlight_heading=&#8221;East Meets West&#8221; css=&#8221;.vc_custom_1682286038391{background-color: #e0cd53 !important;border-radius: 2px !important;}&#8221;][\/vc_column_inner][\/vc_row_inner][\/vc_column][\/vc_row][vc_row css=&#8221;.vc_custom_1533605310250{padding-top: 6% !important;padding-bottom: 8% !important;}&#8221;][vc_column][vc_row_inner css=&#8221;.vc_custom_1533605322115{padding-bottom: 5% !important;}&#8221;][vc_column_inner][vc_custom_heading text=&#8221;About Us&#8221; font_container=&#8221;tag:h2|text_align:center&#8221; use_theme_fonts=&#8221;yes&#8221; heading_style=&#8221;heading_style_1&#8243;][vc_custom_heading text=&#8221;Arts East-West&#8221; font_container=&#8221;tag:h2|text_align:center&#8221; use_theme_fonts=&#8221;yes&#8221; heading_style=&#8221;heading_style_6&#8243;][\/vc_column_inner][\/vc_row_inner][vc_row_inner][vc_column_inner width=&#8221;1\/6&#8243;][\/vc_column_inner][vc_column_inner width=&#8221;2\/3&#8243;][vc_column_text el_class=&#8221;secondary-font heading-color&#8221;]<\/p>\n<p style=\"text-align: center;\"><b>Nous sommes une organisation de recherche et de cr\u00e9ation, bas\u00e9e sur la pratique, qui favorise des liens \u00e9troits avec les artistes et les communaut\u00e9s locales sans limiter les fronti\u00e8res. Nous soutenons la diversit\u00e9 culturelle et les artistes canadiens d&#8217;origine asiatique ainsi que leurs communaut\u00e9s en reliant l&#8217;Est et l&#8217;Ouest par le biais de festivals de films, de s\u00e9minaires, d&#8217;ateliers, de conf\u00e9rences d&#8217;artistes et de publications. Arts Est-Ouest\/FFCC fait entendre les voix des artistes d&#8217;origine asiatique et de la diaspora asiatique du Canada, de la Cor\u00e9e et de toute l&#8217;Asie.<\/b><\/p>\n<p>[\/vc_column_text][\/vc_column_inner][vc_column_inner width=&#8221;1\/6&#8243;][\/vc_column_inner][\/vc_row_inner][\/vc_column][\/vc_row][vc_row full_width=&#8221;stretch_row&#8221; css=&#8221;.vc_custom_1533606135031{padding-top: 5% !important;padding-bottom: 35% !important;background-color: #f8f8f8 !important;}&#8221;][vc_column][vc_row_inner css=&#8221;.vc_custom_1533605620827{padding-bottom: 6% !important;}&#8221;][vc_column_inner][vc_custom_heading text=&#8221;Bringing Asian Cinema to You&#8221; font_container=&#8221;tag:h2|text_align:center&#8221; use_theme_fonts=&#8221;yes&#8221; heading_style=&#8221;heading_style_1&#8243;][vc_custom_heading text=&#8221;Korean Film Festival Canada&#8221; font_container=&#8221;tag:h2|text_align:center&#8221; use_theme_fonts=&#8221;yes&#8221; heading_style=&#8221;heading_style_6&#8243;][\/vc_column_inner][\/vc_row_inner][\/vc_column][\/vc_row][vc_row content_placement=&#8221;middle&#8221;][vc_column width=&#8221;1\/2&#8243;][vc_custom_heading text=&#8221;Today&#8221; font_container=&#8221;tag:h2|text_align:center&#8221;][vc_single_image image=&#8221;8941&#8243; img_size=&#8221;Large&#8221; alignment=&#8221;center&#8221; style=&#8221;vc_box_shadow&#8221;][\/vc_column][vc_column width=&#8221;1\/2&#8243;][vc_column_text]<span style=\"font-weight: 400;\">Aujourd\u2019hui, Arts East-West, connu pr\u00e9c\u00e9demment sous le nom de Cin\u00e9-Asie et ensuite le Festival du\u00a0 film cor\u00e9en Canada est une organisation ind\u00e9pendante souhaitant renforcer et soutenir les diff\u00e9rents arts cor\u00e9ens, cor\u00e9ens-canadiens et asiatiques partout o\u00f9 son influence peut lui permettre. Voulant \u00eatre plus qu\u2019une organisation bas\u00e9e sur le cin\u00e9ma, Arts East-West a \u00e9largi sa mire sur les arts m\u00e9diatiques. Le FFCC, cependant, aura toujours une place majeure au sein de cette organisation. En effet, le festival continuera \u00e0 \u00eatre r\u00e9alis\u00e9 et organis\u00e9 par Arts East-West.<\/span><\/p>\n<p><span style=\"font-weight: 400;\">Depuis 1996, Arts East-West est guid\u00e9 par notre devise de longue date \u00abL\u00e0 o\u00f9 l&#8217;Est rencontre l&#8217;Ouest\u00bb. Elle est d\u00e9di\u00e9e \u00e0 la cr\u00e9ation, \u00e0 la visibilit\u00e9 et \u00e0 la diffusion des arts cr\u00e9\u00e9s par des artistes des m\u00e9dias asiatiques et asiatiques canadiens \u00e0 travers le Canada et d&#8217;autres parties du monde. Nous offrons des opportunit\u00e9s artistiques qui autonomisent les artistes marginalis\u00e9s travaillant au sein de la communaut\u00e9 des arts et de la culture canadienne. Pour l&#8217;inclusion et l&#8217;accessibilit\u00e9 en g\u00e9n\u00e9ral, nous faisons de notre mieux pour fournir tout notre contenu en anglais, fran\u00e7ais et cor\u00e9en, mais l\u2019envie de partager ne se limite pas \u00e0 l&#8217;expression de ces trois langues.<\/span><\/p>\n<p><span style=\"font-weight: 400;\">Le Festival du film cor\u00e9en Canada (FFCC) est l&#8217;un des projets annuels d&#8217;Arts East-West qui a lieu au printemps. Le FFCC organise des projections de films, des expositions d&#8217;\u0153uvres de m\u00e9dias num\u00e9riques, des conf\u00e9rences ax\u00e9es sur la diaspora asiatique et asiatique canadienne, des s\u00e9minaires avec des artistes canadiens asiatiques \u00e9mergents et professionnels et leurs membres de la communaut\u00e9, des ateliers d&#8217;art cr\u00e9atif, des entretiens avec des artistes et diverses formes de publications.<\/span><\/p>\n<p><span style=\"font-weight: 400;\">Cette ann\u00e9e est la 10e \u00e9dition du FFCC (FFCC 10).Notre festival fera une tourn\u00e9e dans trois villes canadiennes, Montr\u00e9al, Toronto et Vancouver, sous le th\u00e8me des arts asiatiques: environnement de r\u00e9silience et de durabilit\u00e9 (2e partie), du 26 mai au 2 juillet 2023. Des projets sp\u00e9ciaux seront \u00e9galement partag\u00e9s, tels que:<\/span><\/p>\n<ul>\n<li style=\"font-weight: 400;\" aria-level=\"1\"><span style=\"font-weight: 400;\">Laboratoire de publication d&#8217;art asiatique (AAPLab),<\/span><\/li>\n<li style=\"font-weight: 400;\" aria-level=\"1\"><span style=\"font-weight: 400;\">Galerie d&#8217;art m\u00e9diatique asiatique Est-Ouest (GEW),<\/span><\/li>\n<li style=\"font-weight: 400;\" aria-level=\"1\"><span style=\"font-weight: 400;\">une d\u00e9claration de la Journ\u00e9e de l&#8217;art cor\u00e9en le 18 mai,<\/span><\/li>\n<li style=\"font-weight: 400;\" aria-level=\"1\"><span style=\"font-weight: 400;\">Les Prix du public d&#8217;AEW,<\/span><\/li>\n<li style=\"font-weight: 400;\" aria-level=\"1\"><span style=\"font-weight: 400;\">Des installations artistiques de la Statue de la Paix (de S\u00e9oul \u00e0 Toronto puis Montr\u00e9al),<\/span><\/li>\n<li style=\"font-weight: 400;\" aria-level=\"1\"><span style=\"font-weight: 400;\">Des arts de la sc\u00e8ne en direct, des programmes d&#8217;\u00e9ducation et d&#8217;initiatives, et plus encore.<\/span><\/li>\n<\/ul>\n<p><span style=\"font-weight: 400;\">Le Laboratoire de publication d&#8217;art asiatique encourage les publications et les conversations autour de l&#8217;exp\u00e9rimentation et de l&#8217;interdisciplinarit\u00e9 dans l&#8217;art asiatique et asiatique canadien. En 2020-21, nous avons re\u00e7u 45 vid\u00e9os et soumissions d&#8217;essais de partout au Canada et en Asie qui \u00e9taient li\u00e9s \u00e0 notre th\u00e8me &#8220;Perspectives f\u00e9minines sur le cin\u00e9ma asiatique&#8221;, et en 2023 plus de 60 soumissions sur les r\u00e9cits de la diaspora et de la migration asiatique. Il est n\u00e9cessaire non seulement d&#8217;entendre ces perspectives, mais de fournir un lieu o\u00f9 elles peuvent \u00eatre partag\u00e9es et d\u00e9velopp\u00e9es.<\/span><\/p>\n<p><span style=\"font-weight: 400;\">La Galerie d&#8217;art m\u00e9diatique asiatique Est-Ouest (GEW) est associ\u00e9e \u00e0 Dazibao, un centre d&#8217;arts contemporains avec une histoire de 42 ans, pour co-pr\u00e9senter GEW. Pour l&#8217;art et les artistes asiatiques canadiens et asiatiques, cela offre une visibilit\u00e9 de leur travail \u00e0 un public plus large. Non seulement les gens peuvent voir le travail de ces artistes virtuellement mais gr\u00e2ce \u00e0 Dazibao il est aussi possible de se rendre sur place afin de contempler les \u0153uvres et interagir avec autrui lors de la 10e \u00e9dition de notre festival.<\/span>[\/vc_column_text][\/vc_column][vc_column][vc_separator][\/vc_column][\/vc_row][vc_row content_placement=&#8221;top&#8221;][vc_column width=&#8221;1\/2&#8243;][vc_custom_heading text=&#8221;Tomorrow&#8221; font_container=&#8221;tag:h2|text_align:center&#8221;][vc_single_image image=&#8221;9185&#8243; img_size=&#8221;Large&#8221; alignment=&#8221;center&#8221; style=&#8221;vc_box_shadow&#8221;][\/vc_column][vc_column width=&#8221;1\/2&#8243;][vc_column_text]<span style=\"font-weight: 400;\">Arts Est-Ouest est une organisation asiatique-canadienne d&#8217;arts m\u00e9diatiques qui se consacre \u00e0 la cr\u00e9ation, \u00e0 la recherche, aux expositions, au d\u00e9veloppement professionnel et aux projets communautaires, ax\u00e9s sur le cin\u00e9ma et les arts m\u00e9diatiques num\u00e9riques, interactifs et immersifs. Nous jouons \u00e9galement le r\u00f4le de facilitateur en fournissant les ressources n\u00e9cessaires et des environnements s\u00fbrs qui inspirent la cr\u00e9ativit\u00e9 des artistes et leurs \u0153uvres, ainsi que des infrastructures de mise en r\u00e9seau pour leur communaut\u00e9.<\/span><\/p>\n<p><span style=\"font-weight: 400;\">Notre mission est de soutenir, d&#8217;encourager et de c\u00e9l\u00e9brer les arts m\u00e9diatiques asiatiques et canadiens d&#8217;origine asiatique par le biais d&#8217;espaces accessibles et adaptables dans un endroit o\u00f9 le monde num\u00e9rique est en train de changer radicalement. Les arts m\u00e9diatiques et leurs artistes ont besoin de d\u00e9bouch\u00e9s pour int\u00e9grer leur travail dans les nouveaux environnements num\u00e9riques et technologiques.\u00a0<\/span><\/p>\n<p><span style=\"font-weight: 400;\">Nos projets annuels actuels, le Festival du Film Cor\u00e9en du Canada (FFCC), le Laboratoire de Publication d\u2019Art Asiatique (LabPAA) et la Galerie Est-Ouest (GEO) soutiennent notre vision future d&#8217;aide aux artistes. Nous soutiendrons et faciliterons la poursuite de la d\u00e9couverte et de la red\u00e9couverte des arts m\u00e9diatiques dans les communaut\u00e9s asiatiques-canadiennes, cor\u00e9ennes et pan-asiatiques, en offrant davantage d&#8217;accessibilit\u00e9, de ressources et d&#8217;opportunit\u00e9s dans des environnements s\u00fbrs et inclusifs, non seulement pour les artistes, mais aussi pour les artistes \u00e9mergents et les professionnels de leur secteur.\u00a0<\/span><\/p>\n<p><span style=\"font-weight: 400;\">Nous travaillons \u00e0 la d\u00e9colonisation des secteurs artistiques, \u00e0 la sensibilisation aux questions de discrimination syst\u00e9mique pour les artistes et les organisations marginalis\u00e9s, et \u00e0 la cr\u00e9ation de conditions de travail inclusives avec des perspectives partag\u00e9es dans le cadre de la diversit\u00e9 au Canada.\u00a0\u00a0<\/span><\/p>\n<p><span style=\"font-weight: 400;\">Nous travaillons \u00e0 la construction d&#8217;un espace cr\u00e9atif pour le respect, le partage et le soutien des artistes m\u00e9diatiques canadiens d&#8217;origine asiatique et de leurs communaut\u00e9s dans plusieurs langues.\u00a0<\/span>[\/vc_column_text][\/vc_column][\/vc_row][vc_row][vc_column][vc_separator][\/vc_column][\/vc_row][vc_row content_placement=&#8221;middle&#8221;][vc_column width=&#8221;1\/2&#8243;][vc_custom_heading text=&#8221;Yesterday&#8221; font_container=&#8221;tag:h2|text_align:center&#8221;][vc_single_image image=&#8221;9182&#8243; img_size=&#8221;Large&#8221; alignment=&#8221;center&#8221; style=&#8221;vc_box_shadow&#8221;][\/vc_column][vc_column width=&#8221;1\/2&#8243;][vc_column_text]<span style=\"font-weight: 400;\">Le Festival de film cor\u00e9en Canada (FFCC) \u00e9tait l&#8217;un des projets d\u00e9velopp\u00e9s sous l&#8217;\u00e9gide du Cin\u00e9-Asie Film Institute. Cr\u00e9\u00e9 au Canada en 1996, Cin\u00e9-Asie est une organisation \u00e0 but non lucratif au service d&#8217;une communaut\u00e9 des arts m\u00e9diatiques ax\u00e9s sur du contenu canadien-asiatique. Son principal objectif est de donner une voix aux arts m\u00e9diatiques asiatiques et canadiens-asiatiques qui, autrement, seraient rarement mis en avant. La vision de Cin\u00e9-Asie est de faire conna\u00eetre les cin\u00e9astes canadiens-asiatiques et d\u2019offrir aux membres de cette communaut\u00e9 l\u2019occasion de c\u00e9l\u00e9brer leur patrimoine culturel.<\/span><\/p>\n<p>&nbsp;<\/p>\n<p><span style=\"font-weight: 400;\">Depuis sa fondation, Cin\u00e9-Asie a enrichi l\u2019environnement culturel de la ville de Montr\u00e9al en mettant en valeur les films d&#8217;h\u00e9ritage asiatique et les films ind\u00e9pendants canadiens-asiatiques. Son premier projet a \u00e9t\u00e9 le Three Korean Master Filmmakers, acclam\u00e9 au niveau national et r\u00e9alis\u00e9 en collaboration avec le MOMA de New York. En effet, ce projet a re\u00e7u le prix Team Canada Project de l&#8217;Administration Jean Chr\u00e9tien du Canada et a fait une tourn\u00e9e \u00e0 travers le pays en 1997. Cin\u00e9-Asie a collabor\u00e9 avec d&#8217;autres festivals canadiens tels que le Reel Asian Film Festival \u00e0 Toronto, le Fantasia Film Festival et le Festival Acc\u00e8s Asie \u00e0 Montr\u00e9al. Il a \u00e9galement nou\u00e9 de solides partenariats avec la Cin\u00e9math\u00e8que qu\u00e9b\u00e9coise, l&#8217;Institut canadien du film, le\u00a0 Harbourfront Centre, la Pacific Cin\u00e9math\u00e8que, l&#8217;AMC Forum et le Smithsonian Museum. Il compte aussi plusieurs \u00e9v\u00e9nements culturels organis\u00e9s par Cin\u00e9-Asie \u00e0 Montr\u00e9al et qui mettent en valeur diff\u00e9rents arts m\u00e9diatiques, notamment la r\u00e9trospective de 2006 Regard sur le Cin\u00e9ma Sud-Cor\u00e9en et la r\u00e9trospective Hong Sang-Soo de 2008, toutes deux tenues \u00e0 la Cin\u00e9math\u00e8que qu\u00e9b\u00e9coise. De plus, Cin\u00e9-Asie a organis\u00e9, en partenariat avec l\u2019Universit\u00e9 Concordia et la Film Society of Lincoln Center de New York, la r\u00e9trospective Chinese Cinema &#8211; 1993-1949.<\/span><\/p>\n<p>&nbsp;<\/p>\n<p><span style=\"font-weight: 400;\">Le Festival de film cor\u00e9en Canada (FFCC) a toujours \u00e9t\u00e9 un projet organis\u00e9 par Cin\u00e9-Asie. En 2019, le festival a \u00e9volu\u00e9 et est devenu une entit\u00e9 enti\u00e8rement ind\u00e9pendante. Cette ann\u00e9e a aussi marqu\u00e9 la premi\u00e8re fois que le festival se mettait en partenariat avec le Centre d\u2019\u00e9tudes asiatiques de l\u2019Universit\u00e9 de Montr\u00e9al (C\u00c9TASE). C\u2019\u00e9tait aussi la premi\u00e8re tentative depuis la cr\u00e9ation du festival de s\u2019int\u00e9grer dans un milieu majoritairement francophone.<\/span><\/p>\n<p>&nbsp;<\/p>\n<p><span style=\"font-weight: 400;\">\u00c0 partir de l\u2019ann\u00e9e 2021, le Festival de film cor\u00e9en Canada s\u2019est renomm\u00e9 et est maintenant connu sous le nom de Arts East-West, souhaitant d\u2019\u00eatre connu non seulement pour le promouvoit des films et du cin\u00e9ma, mais aussi de d\u2019autres m\u00e9diums artistiques, tout en suivant sa devise: lier les cultures de l\u2019est et de l\u2019ouest.<\/span>[\/vc_column_text][\/vc_column][\/vc_row][vc_row full_width=&#8221;stretch_row&#8221; css=&#8221;.vc_custom_1533607501787{padding-top: 6% !important;padding-bottom: 35% !important;background-image: url(https:\/\/koreanfilmfestivalcanada.ca\/wp-content\/uploads\/2018\/08\/creative-bg-1.jpg?id=2500) !important;background-position: center !important;background-repeat: no-repeat !important;background-size: cover !important;}&#8221;][vc_column][vc_row_inner][vc_column_inner][vc_custom_heading text=&#8221;Festival Team&#8221; font_container=&#8221;tag:h2|text_align:center&#8221; use_theme_fonts=&#8221;yes&#8221; heading_style=&#8221;heading_style_1&#8243;][vc_custom_heading text=&#8221;&#8221; font_container=&#8221;tag:h2|text_align:center|color:%23ffffff&#8221; use_theme_fonts=&#8221;yes&#8221; heading_style=&#8221;heading_style_6&#8243; pre_heading=&#8221;Bridging&#8221; hightlight_heading=&#8221;East and West&#8221;][\/vc_column_inner][\/vc_row_inner][\/vc_column][\/vc_row][vc_row css=&#8221;.vc_custom_1533607604305{margin-top: -33% !important;padding-bottom: 8% !important;}&#8221;][vc_column][vc_row_inner css=&#8221;.vc_custom_1533607611255{padding-top: 6% !important;}&#8221;][vc_column_inner width=&#8221;1\/2&#8243;][vc_btn title=&#8221;Meet the team&#8221; align=&#8221;right&#8221; button_style=&#8221;button_style_7&#8243; link=&#8221;url:https%3A%2F%2Fkoreanfilm.ca%2Fabout%2FteamStructure|title:Staff%20and%20team%20structure|target:_blank&#8221;][\/vc_column_inner][vc_column_inner width=&#8221;1\/2&#8243;][vc_btn title=&#8221;Join Us&#8221; align=&#8221;left&#8221; button_style=&#8221;button_style_8&#8243; link=&#8221;url:https%3A%2F%2Fkoreanfilmfestivalcanada.ca%2Fabout-us%2Fcontact-us%2Femployment-opportunities%2F|title:Employment%20opportunities&#8221;][\/vc_column_inner][\/vc_row_inner][\/vc_column][\/vc_row]<\/p>\n<\/section>","protected":false},"excerpt":{"rendered":"<p>[vc_row full_width=&#8221;stretch_row&#8221; css=&#8221;.vc_custom_1682285569725{padding-top: 25% !important;padding-bottom: 25% !important;background-image: url(https:\/\/koreanfilmfestivalcanada.ca\/wp-content\/uploads\/2023\/04\/Crowd-above-2-scaled.jpg?id=6215) !important;background-position: center !important;background-repeat: no-repeat !important;background-size: cover !important;}&#8221;][vc_column][vc_row_inner css=&#8221;.vc_custom_1533605090329{padding-top: 2% !important;}&#8221;][vc_column_inner][vc_custom_heading text=&#8221;since 1996&#8243; font_container=&#8221;tag:h2|text_align:center&#8221; use_theme_fonts=&#8221;yes&#8221; heading_style=&#8221;heading_style_6&#8243; pre_heading=&#8221;Where&#8221; hightlight_heading=&#8221;East&#8230;<\/p>\n","protected":false},"author":4,"featured_media":0,"parent":6943,"menu_order":0,"comment_status":"closed","ping_status":"closed","template":"","meta":{"_coblocks_attr":"","_coblocks_dimensions":"","_coblocks_responsive_height":"","_coblocks_accordion_ie_support":"","footnotes":""},"class_list":["post-12178","page","type-page","status-publish","hentry"],"acf":[],"_links":{"self":[{"href":"https:\/\/koreanfilmfestivalcanada.ca\/fr\/wp-json\/wp\/v2\/pages\/12178","targetHints":{"allow":["GET"]}}],"collection":[{"href":"https:\/\/koreanfilmfestivalcanada.ca\/fr\/wp-json\/wp\/v2\/pages"}],"about":[{"href":"https:\/\/koreanfilmfestivalcanada.ca\/fr\/wp-json\/wp\/v2\/types\/page"}],"author":[{"embeddable":true,"href":"https:\/\/koreanfilmfestivalcanada.ca\/fr\/wp-json\/wp\/v2\/users\/4"}],"replies":[{"embeddable":true,"href":"https:\/\/koreanfilmfestivalcanada.ca\/fr\/wp-json\/wp\/v2\/comments?post=12178"}],"version-history":[{"count":7,"href":"https:\/\/koreanfilmfestivalcanada.ca\/fr\/wp-json\/wp\/v2\/pages\/12178\/revisions"}],"predecessor-version":[{"id":12269,"href":"https:\/\/koreanfilmfestivalcanada.ca\/fr\/wp-json\/wp\/v2\/pages\/12178\/revisions\/12269"}],"up":[{"embeddable":true,"href":"https:\/\/koreanfilmfestivalcanada.ca\/fr\/wp-json\/wp\/v2\/pages\/6943"}],"wp:attachment":[{"href":"https:\/\/koreanfilmfestivalcanada.ca\/fr\/wp-json\/wp\/v2\/media?parent=12178"}],"curies":[{"name":"wp","href":"https:\/\/api.w.org\/{rel}","templated":true}]}}